{"id":1520,"date":"2023-09-25T22:58:33","date_gmt":"2023-09-25T19:58:33","guid":{"rendered":"https:\/\/argentinavidrascu.com\/?page_id=1520"},"modified":"2023-09-26T00:20:03","modified_gmt":"2023-09-25T21:20:03","slug":"politica-cookies","status":"publish","type":"page","link":"https:\/\/argentinavidrascu.com\/es\/politica-cookies\/","title":{"rendered":"Pol\u00edtica de cookies"},"content":{"rendered":"<div data-elementor-type=\"wp-page\" data-elementor-id=\"1520\" class=\"elementor elementor-1520\" data-elementor-post-type=\"page\">\n\t\t\t\t\t\t\t\t\t<section class=\"elementor-section elementor-top-section elementor-element elementor-element-4111dd2 elementor-section-boxed elementor-section-height-default elementor-section-height-default\" data-id=\"4111dd2\" data-element_type=\"section\">\n\t\t\t\t\t\t<div class=\"elementor-container elementor-column-gap-default\">\n\t\t\t\t\t<div class=\"elementor-column elementor-col-100 elementor-top-column elementor-element elementor-element-7eb6bd30\" data-id=\"7eb6bd30\" data-element_type=\"column\">\n\t\t\t<div class=\"elementor-widget-wrap elementor-element-populated\">\n\t\t\t\t\t\t\t\t<div class=\"elementor-element elementor-element-755a562c elementor-widget elementor-widget-heading\" data-id=\"755a562c\" data-element_type=\"widget\" data-widget_type=\"heading.default\">\n\t\t\t\t<div class=\"elementor-widget-container\">\n\t\t\t<style>\/*! elementor - v3.16.0 - 20-09-2023 *\/\n.elementor-heading-title{padding:0;margin:0;line-height:1}.elementor-widget-heading .elementor-heading-title[class*=elementor-size-]>a{color:inherit;font-size:inherit;line-height:inherit}.elementor-widget-heading .elementor-heading-title.elementor-size-small{font-size:15px}.elementor-widget-heading .elementor-heading-title.elementor-size-medium{font-size:19px}.elementor-widget-heading .elementor-heading-title.elementor-size-large{font-size:29px}.elementor-widget-heading .elementor-heading-title.elementor-size-xl{font-size:39px}.elementor-widget-heading .elementor-heading-title.elementor-size-xxl{font-size:59px}<\/style><h1 class=\"elementor-heading-title elementor-size-default\">Pol\u00edtica de cookies<\/h1>\t\t<\/div>\n\t\t\t\t<\/div>\n\t\t\t\t<div class=\"elementor-element elementor-element-3adf2659 elementor-widget elementor-widget-heading\" data-id=\"3adf2659\" data-element_type=\"widget\" data-widget_type=\"heading.default\">\n\t\t\t\t<div class=\"elementor-widget-container\">\n\t\t\t<p class=\"elementor-heading-title elementor-size-default\">\u00daltima actualizaci\u00f3n: mayo de 2018<\/p>\t\t<\/div>\n\t\t\t\t<\/div>\n\t\t\t\t\t<\/div>\n\t\t<\/div>\n\t\t\t\t\t\t\t<\/div>\n\t\t<\/section>\n\t\t\t\t<section class=\"elementor-section elementor-top-section elementor-element elementor-element-78df8632 elementor-section-boxed elementor-section-height-default elementor-section-height-default\" data-id=\"78df8632\" data-element_type=\"section\">\n\t\t\t\t\t\t<div class=\"elementor-container elementor-column-gap-default\">\n\t\t\t\t\t<div class=\"elementor-column elementor-col-100 elementor-top-column elementor-element elementor-element-6a03751d\" data-id=\"6a03751d\" data-element_type=\"column\">\n\t\t\t<div class=\"elementor-widget-wrap elementor-element-populated\">\n\t\t\t\t\t\t\t\t<div class=\"elementor-element elementor-element-d4e7ec3 elementor-widget elementor-widget-heading\" data-id=\"d4e7ec3\" data-element_type=\"widget\" id=\"dateleCompaniei\" data-widget_type=\"heading.default\">\n\t\t\t\t<div class=\"elementor-widget-container\">\n\t\t\t<p class=\"elementor-heading-title elementor-size-default\">Introducci\u00f3n<\/p>\t\t<\/div>\n\t\t\t\t<\/div>\n\t\t\t\t<div class=\"elementor-element elementor-element-5efebcd2 elementor-widget elementor-widget-text-editor\" data-id=\"5efebcd2\" data-element_type=\"widget\" data-widget_type=\"text-editor.default\">\n\t\t\t\t<div class=\"elementor-widget-container\">\n\t\t\t<style>\/*! elementor - v3.16.0 - 20-09-2023 *\/\n.elementor-widget-text-editor.elementor-drop-cap-view-stacked .elementor-drop-cap{background-color:#69727d;color:#fff}.elementor-widget-text-editor.elementor-drop-cap-view-framed .elementor-drop-cap{color:#69727d;border:3px solid;background-color:transparent}.elementor-widget-text-editor:not(.elementor-drop-cap-view-default) .elementor-drop-cap{margin-top:8px}.elementor-widget-text-editor:not(.elementor-drop-cap-view-default) .elementor-drop-cap-letter{width:1em;height:1em}.elementor-widget-text-editor .elementor-drop-cap{float:left;text-align:center;line-height:1;font-size:50px}.elementor-widget-text-editor .elementor-drop-cap-letter{display:inline-block}<\/style>\t\t\t\t<p>Esta Pol\u00edtica de Cookies se aplica a todos los usuarios del sitio web argentinavidrascu.com. La informaci\u00f3n presentada a continuaci\u00f3n tiene como objetivo informar a los usuarios de este sitio web sobre la colocaci\u00f3n, uso y administraci\u00f3n de cookies por parte de VIDRA HOME CA SRL en el contexto de la navegaci\u00f3n de los usuarios en este sitio web.<\/p>\t\t\t\t\t\t<\/div>\n\t\t\t\t<\/div>\n\t\t\t\t<div class=\"elementor-element elementor-element-27d3bb2b elementor-widget elementor-widget-heading\" data-id=\"27d3bb2b\" data-element_type=\"widget\" id=\"politicaDeConfidentialitate\" data-widget_type=\"heading.default\">\n\t\t\t\t<div class=\"elementor-widget-container\">\n\t\t\t<p class=\"elementor-heading-title elementor-size-default\">\u00bfQu\u00e9 son las Cookies?<\/p>\t\t<\/div>\n\t\t\t\t<\/div>\n\t\t\t\t<div class=\"elementor-element elementor-element-2285936d elementor-widget elementor-widget-text-editor\" data-id=\"2285936d\" data-element_type=\"widget\" data-widget_type=\"text-editor.default\">\n\t\t\t\t<div class=\"elementor-widget-container\">\n\t\t\t\t\t\t\t<p>Utilizamos el t\u00e9rmino \"cookies\" para referirnos a cookies y tecnolog\u00edas similares a trav\u00e9s de las cuales se puede recopilar informaci\u00f3n autom\u00e1ticamente.<\/p><p>Una \"Cookie de Internet\" (t\u00e9rmino tambi\u00e9n conocido como \"cookie de navegador\" o \"cookie HTTP\" o \"cookie\") representa un peque\u00f1o archivo, compuesto por letras y n\u00fameros, que se almacenar\u00e1 en el ordenador, terminal m\u00f3vil u otro equipo de un Usuario a trav\u00e9s del cual se accede a Internet.<\/p><p>Las cookies se instalan mediante la solicitud emitida por un servidor web a un navegador (por ejemplo: Internet Explorer, Firefox, Chrome, Edge). Las cookies, una vez instaladas, tienen una vida determinada, permaneciendo \"pasivas\", en el sentido de que no contienen programas de software, virus o spyware y no acceden a la informaci\u00f3n del disco duro del usuario en cuyo equipo fueron instaladas.<\/p><p>Una cookie consta de dos partes: el nombre de la cookie y el contenido o valor de la cookie.<\/p><p>T\u00e9cnicamente, s\u00f3lo el servidor web que envi\u00f3 la cookie puede acceder a ella nuevamente cuando un usuario regresa a la p\u00e1gina web asociada con ese servidor.<\/p>\t\t\t\t\t\t<\/div>\n\t\t\t\t<\/div>\n\t\t\t\t<div class=\"elementor-element elementor-element-55a5f07e elementor-widget elementor-widget-heading\" data-id=\"55a5f07e\" data-element_type=\"widget\" data-widget_type=\"heading.default\">\n\t\t\t\t<div class=\"elementor-widget-container\">\n\t\t\t<p class=\"elementor-heading-title elementor-size-default\">Con qu\u00e9 finalidades se utilizan las cookies a trav\u00e9s de este sitio web:<\/p>\t\t<\/div>\n\t\t\t\t<\/div>\n\t\t\t\t<div class=\"elementor-element elementor-element-1f80d8f7 elementor-widget elementor-widget-text-editor\" data-id=\"1f80d8f7\" data-element_type=\"widget\" data-widget_type=\"text-editor.default\">\n\t\t\t\t<div class=\"elementor-widget-container\">\n\t\t\t\t\t\t\t<p>Las cookies se utilizan para proporcionar a los usuarios de este sitio web una mejor experiencia de navegaci\u00f3n y servicios adaptados a las necesidades e intereses de cada usuario individual, en concreto para:<\/p><ul><li>mejorar el uso de este sitio web, incluso identificando cualquier error que se produzca al visitarlo o utilizarlo por parte de los usuarios;<\/li><li>proporcionar estad\u00edsticas an\u00f3nimas sobre c\u00f3mo se utiliza este sitio web a VIDRA HOME CA SRL, como propietario de este sitio web;<\/li><li>anticipaci\u00f3n de posibles bienes que se pondr\u00e1n a disposici\u00f3n de los usuarios a trav\u00e9s de este sitio web en el futuro, en funci\u00f3n de los servicios\/productos a los que se acceda.<\/li><\/ul><p>En base a los comentarios enviados a trav\u00e9s de las cookies en relaci\u00f3n con el uso de este sitio web, VIDRA HOME CA SRL puede adoptar medidas para hacer este sitio web m\u00e1s eficiente y accesible para los usuarios.<\/p>\t\t\t\t\t\t<\/div>\n\t\t\t\t<\/div>\n\t\t\t\t<div class=\"elementor-element elementor-element-17e7b531 elementor-widget elementor-widget-heading\" data-id=\"17e7b531\" data-element_type=\"widget\" data-widget_type=\"heading.default\">\n\t\t\t\t<div class=\"elementor-widget-container\">\n\t\t\t<p class=\"elementor-heading-title elementor-size-default\">\u00bfCu\u00e1l es la vida \u00fatil de las cookies?<\/p>\t\t<\/div>\n\t\t\t\t<\/div>\n\t\t\t\t<div class=\"elementor-element elementor-element-6156192 elementor-widget elementor-widget-text-editor\" data-id=\"6156192\" data-element_type=\"widget\" data-widget_type=\"text-editor.default\">\n\t\t\t\t<div class=\"elementor-widget-container\">\n\t\t\t\t\t\t\t<p>La vida \u00fatil de las cookies puede variar significativamente, dependiendo del prop\u00f3sito para el cual se colocan. Existen las siguientes categor\u00edas de cookies que tambi\u00e9n determinan su vida \u00fatil:<\/p><ul><li><strong>Cookies de sesi\u00f3n<\/strong>\u00a0\u2013 Una \"cookie de sesi\u00f3n\" es una cookie que se elimina autom\u00e1ticamente cuando el usuario cierra su navegador.<\/li><li><strong>Cookies persistentes o fijas<\/strong>\u00a0\u2013 Una cookie \"persistente\" o \"fija\" es una cookie que permanece almacenada en el terminal del usuario hasta que alcanza una fecha de caducidad determinada (que puede ser en unos minutos, d\u00edas o unos a\u00f1os en el futuro) o hasta que es eliminada por el usuario en cualquier momento a trav\u00e9s de la configuraci\u00f3n de su navegador.<\/li><\/ul>\t\t\t\t\t\t<\/div>\n\t\t\t\t<\/div>\n\t\t\t\t<div class=\"elementor-element elementor-element-45ee0d63 elementor-widget elementor-widget-heading\" data-id=\"45ee0d63\" data-element_type=\"widget\" data-widget_type=\"heading.default\">\n\t\t\t\t<div class=\"elementor-widget-container\">\n\t\t\t<p class=\"elementor-heading-title elementor-size-default\">\u00bfQu\u00e9 son las cookies colocadas por terceros?<\/p>\t\t<\/div>\n\t\t\t\t<\/div>\n\t\t\t\t<div class=\"elementor-element elementor-element-4fbd2d6c elementor-widget elementor-widget-text-editor\" data-id=\"4fbd2d6c\" data-element_type=\"widget\" data-widget_type=\"text-editor.default\">\n\t\t\t\t<div class=\"elementor-widget-container\">\n\t\t\t\t\t\t\tCiertas secciones de contenidos del sitio web pueden ser proporcionadas por terceros, es decir, no por VIDRA HOME CA SRL, en cuyo caso estas cookies se denominan cookies colocadas por terceros (\"cookies de terceros\"). Los proveedores de cookies de terceros tambi\u00e9n deben cumplir con las normas de protecci\u00f3n de datos y <span style=\"text-decoration: underline;\"><a class=\"link\" href=\"https:\/\/argentinavidrascu.com\/es\/politica-de-confidentialitate\/\">Pol\u00edtica de privacidad<\/a><\/span>. Aceste cookie-uri pot proveni de la urmatorii ter\u021bi: Google Analytics, Facebook.\t\t\t\t\t\t<\/div>\n\t\t\t\t<\/div>\n\t\t\t\t<div class=\"elementor-element elementor-element-24f87698 elementor-widget elementor-widget-heading\" data-id=\"24f87698\" data-element_type=\"widget\" data-widget_type=\"heading.default\">\n\t\t\t\t<div class=\"elementor-widget-container\">\n\t\t\t<p class=\"elementor-heading-title elementor-size-default\">Qu\u00e9 cookies se utilizan a trav\u00e9s de este sitio web:Qu\u00e9 cookies se utilizan a trav\u00e9s de este sitio web:<\/p>\t\t<\/div>\n\t\t\t\t<\/div>\n\t\t\t\t<div class=\"elementor-element elementor-element-77bcaae7 elementor-widget elementor-widget-text-editor\" data-id=\"77bcaae7\" data-element_type=\"widget\" data-widget_type=\"text-editor.default\">\n\t\t\t\t<div class=\"elementor-widget-container\">\n\t\t\t\t\t\t\t<p>Al usar\/visitar el sitio web, se pueden colocar las siguientes cookies:<\/p><p><strong>Cookies de rendimiento<br \/><\/strong>Con este tipo de cookies se almacenan las preferencias del usuario de este sitio web, por lo que ya no es necesario volver a configurar las preferencias en el caso de una visita posterior al sitio web.<\/p><p><strong>Cookies de an\u00e1lisis de usuario<br \/><\/strong>Estas cookies nos informan si un usuario del sitio web en particular ha visitado\/utilizado este sitio web anteriormente. Estas cookies se utilizan \u00fanicamente con fines estad\u00edsticos.<\/p><p><strong>\u00bfQu\u00e9 tipo de informaci\u00f3n se almacena y se accede a trav\u00e9s de las cookies?<\/strong><\/p><p>Las cookies almacenan informaci\u00f3n en un peque\u00f1o archivo de texto que permite reconocer el navegador. Este sitio web reconoce el navegador hasta que las cookies caducan o se eliminan.<\/p>\t\t\t\t\t\t<\/div>\n\t\t\t\t<\/div>\n\t\t\t\t<div class=\"elementor-element elementor-element-247f4631 elementor-widget elementor-widget-heading\" data-id=\"247f4631\" data-element_type=\"widget\" data-widget_type=\"heading.default\">\n\t\t\t\t<div class=\"elementor-widget-container\">\n\t\t\t<p class=\"elementor-heading-title elementor-size-default\">Personalizar la configuraci\u00f3n de su navegador con respecto a las cookies<\/p>\t\t<\/div>\n\t\t\t\t<\/div>\n\t\t\t\t<div class=\"elementor-element elementor-element-34b3b8c3 elementor-widget elementor-widget-text-editor\" data-id=\"34b3b8c3\" data-element_type=\"widget\" data-widget_type=\"text-editor.default\">\n\t\t\t\t<div class=\"elementor-widget-container\">\n\t\t\t\t\t\t\t<p>Si el uso de cookies no le resulta molesto y el ordenador o el equipo t\u00e9cnico utilizado para navegar por este sitio web es utilizado \u00fanicamente por usted, se pueden establecer largos per\u00edodos de caducidad para almacenar el historial de navegaci\u00f3n.<br \/>Si el ordenador o el equipo t\u00e9cnico utilizado para navegar por este sitio web es utilizado por varias personas, se puede considerar la posibilidad de eliminar los datos de navegaci\u00f3n individuales cada vez que se cierra el navegador.<\/p>\t\t\t\t\t\t<\/div>\n\t\t\t\t<\/div>\n\t\t\t\t<div class=\"elementor-element elementor-element-f86a022 elementor-widget elementor-widget-heading\" data-id=\"f86a022\" data-element_type=\"widget\" data-widget_type=\"heading.default\">\n\t\t\t\t<div class=\"elementor-widget-container\">\n\t\t\t<p class=\"elementor-heading-title elementor-size-default\">\u00bfC\u00f3mo se pueden desactivar las cookies?<\/p>\t\t<\/div>\n\t\t\t\t<\/div>\n\t\t\t\t<div class=\"elementor-element elementor-element-f8217e6 elementor-widget elementor-widget-text-editor\" data-id=\"f8217e6\" data-element_type=\"widget\" data-widget_type=\"text-editor.default\">\n\t\t\t\t<div class=\"elementor-widget-container\">\n\t\t\t\t\t\t\t<p>Deshabilitar y rechazar la recepci\u00f3n de cookies puede dificultar la visita de este sitio web, lo que puede provocar limitaciones en su usabilidad.<br \/>El usuario puede configurar su navegador para rechazar las cookies o para aceptar las cookies de una p\u00e1gina web espec\u00edfica.<br \/>Todos los navegadores modernos ofrecen la posibilidad de cambiar la configuraci\u00f3n de las cookies. Se puede acceder a estas configuraciones, por regla general, en la secci\u00f3n \"opciones\" o en el men\u00fa \"preferencias\" de su navegador.<br \/>Sin embargo, rechazar o desactivar las cookies no significa que ya no recibir\u00e1 publicidad en l\u00ednea, solo que no se adaptar\u00e1 a sus preferencias e intereses, resaltados por su comportamiento de navegaci\u00f3n.<\/p><p>Para comprender estas configuraciones, los siguientes enlaces pueden resultar \u00fatiles:<\/p><p>Configuraci\u00f3n de cookies en Internet Explorer<br \/>https:\/\/support.microsoft.com\/en-us\/help\/17442\/windows-internet-explorer-delete-manage-cookies<\/p><p>Configuraci\u00f3n de cookies en Firefox<br \/>https:\/\/support.mozilla.org\/en-US\/kb\/enable-and-disable-cookies-website-preferences<\/p><p>Configuraci\u00f3n de cookies en Chrome<br \/>https:\/\/support.google.com\/chrome\/answer\/95647<\/p><p>Configuraci\u00f3n de cookies en Safari<br \/>https:\/\/support.apple.com\/kb\/ph21411<\/p><p>Configuraci\u00f3n de cookies en Edge<br \/>https:\/\/privacy.microsoft.com\/en-us\/windows-10-microsoft-edge-and-privacy<\/p><p>Si tiene alguna pregunta adicional sobre c\u00f3mo se utilizan las cookies a trav\u00e9s de este sitio web, comun\u00edquese con: <a class=\"link\" href=\"mailto:doctorvidrascu@gmail.com\">doctorvidrascu@gmail.com<\/a>.<\/p>\t\t\t\t\t\t<\/div>\n\t\t\t\t<\/div>\n\t\t\t\t\t<\/div>\n\t\t<\/div>\n\t\t\t\t\t\t\t<\/div>\n\t\t<\/section>\n\t\t\t\t\t\t\t<\/div>","protected":false},"excerpt":{"rendered":"<p>Politica privind fi\u0219ierele cookie Ultima actualizare: mai 2018 Introducere Prezenta Politic\u0103 privind fi\u0219ierele cookies se aplic\u0103 tuturor utilizatorilor paginii de internet argentinavidrascu.com. Informa\u021biile prezentate \u00een continuare au ca scop informarea utilizatorilor acestei pagini de internet cu privire la plasarea, utilizarea \u0219i administrarea cookie-urilor de c\u0103tre VIDRA HOME CA SRL \u00een contextul navig\u0103rii utilizatorilor pe aceast\u0103 [&hellip;]<\/p>","protected":false},"author":2,"featured_media":0,"parent":0,"menu_order":0,"comment_status":"closed","ping_status":"closed","template":"","meta":{"footnotes":""},"yoast_head":"<!-- This site is optimized with the Yoast SEO plugin v21.6 - https:\/\/yoast.com\/wordpress\/plugins\/seo\/ -->\n<title>Politica cookies - Dr. Argentina Vidra\u015fcu - Rinoplastie Cluj<\/title>\n<meta name=\"robots\" content=\"index, follow, max-snippet:-1, max-image-preview:large, max-video-preview:-1\" \/>\n<link rel=\"canonical\" href=\"https:\/\/argentinavidrascu.com\/es\/politica-cookies\/\" \/>\n<meta property=\"og:locale\" content=\"es_ES\" \/>\n<meta property=\"og:type\" content=\"article\" \/>\n<meta property=\"og:title\" content=\"Politica cookies - Dr. Argentina Vidra\u015fcu - Rinoplastie Cluj\" \/>\n<meta property=\"og:description\" content=\"Politica privind fi\u0219ierele cookie Ultima actualizare: mai 2018 Introducere Prezenta Politic\u0103 privind fi\u0219ierele cookies se aplic\u0103 tuturor utilizatorilor paginii de internet argentinavidrascu.com. Informa\u021biile prezentate \u00een continuare au ca scop informarea utilizatorilor acestei pagini de internet cu privire la plasarea, utilizarea \u0219i administrarea cookie-urilor de c\u0103tre VIDRA HOME CA SRL \u00een contextul navig\u0103rii utilizatorilor pe aceast\u0103 [&hellip;]\" \/>\n<meta property=\"og:url\" content=\"https:\/\/argentinavidrascu.com\/es\/politica-cookies\/\" \/>\n<meta property=\"og:site_name\" content=\"Dr. Argentina Vidra\u015fcu - Rinoplastie Cluj\" \/>\n<meta property=\"article:modified_time\" content=\"2023-09-25T21:20:03+00:00\" \/>\n<meta name=\"twitter:card\" content=\"summary_large_image\" \/>\n<meta name=\"twitter:label1\" content=\"Tiempo de lectura\" \/>\n\t<meta name=\"twitter:data1\" content=\"5 minutos\" \/>\n<script type=\"application\/ld+json\" class=\"yoast-schema-graph\">{\"@context\":\"https:\/\/schema.org\",\"@graph\":[{\"@type\":\"WebPage\",\"@id\":\"https:\/\/argentinavidrascu.com\/politica-cookies\/\",\"url\":\"https:\/\/argentinavidrascu.com\/politica-cookies\/\",\"name\":\"Politica cookies - Dr. Argentina Vidra\u015fcu - Rinoplastie Cluj\",\"isPartOf\":{\"@id\":\"https:\/\/argentinavidrascu.com\/#website\"},\"datePublished\":\"2023-09-25T19:58:33+00:00\",\"dateModified\":\"2023-09-25T21:20:03+00:00\",\"breadcrumb\":{\"@id\":\"https:\/\/argentinavidrascu.com\/politica-cookies\/#breadcrumb\"},\"inLanguage\":\"es\",\"potentialAction\":[{\"@type\":\"ReadAction\",\"target\":[\"https:\/\/argentinavidrascu.com\/politica-cookies\/\"]}]},{\"@type\":\"BreadcrumbList\",\"@id\":\"https:\/\/argentinavidrascu.com\/politica-cookies\/#breadcrumb\",\"itemListElement\":[{\"@type\":\"ListItem\",\"position\":1,\"name\":\"Home\",\"item\":\"https:\/\/argentinavidrascu.com\/\"},{\"@type\":\"ListItem\",\"position\":2,\"name\":\"Politica cookies\"}]},{\"@type\":\"WebSite\",\"@id\":\"https:\/\/argentinavidrascu.com\/#website\",\"url\":\"https:\/\/argentinavidrascu.com\/\",\"name\":\"Dr. Argentina Vidra\u015fcu - Rinoplastie Cluj\",\"description\":\"\",\"publisher\":{\"@id\":\"https:\/\/argentinavidrascu.com\/#organization\"},\"potentialAction\":[{\"@type\":\"SearchAction\",\"target\":{\"@type\":\"EntryPoint\",\"urlTemplate\":\"https:\/\/argentinavidrascu.com\/?s={search_term_string}\"},\"query-input\":\"required name=search_term_string\"}],\"inLanguage\":\"es\"},{\"@type\":\"Organization\",\"@id\":\"https:\/\/argentinavidrascu.com\/#organization\",\"name\":\"Dr. Argentina Vidra\u015fcu - Rinoplastie Cluj\",\"url\":\"https:\/\/argentinavidrascu.com\/\",\"logo\":{\"@type\":\"ImageObject\",\"inLanguage\":\"es\",\"@id\":\"https:\/\/argentinavidrascu.com\/#\/schema\/logo\/image\/\",\"url\":\"https:\/\/argentinavidrascu.com\/wp-content\/uploads\/2023\/09\/Dr-Argebtina-Vidrascu-Logo.png\",\"contentUrl\":\"https:\/\/argentinavidrascu.com\/wp-content\/uploads\/2023\/09\/Dr-Argebtina-Vidrascu-Logo.png\",\"width\":1050,\"height\":104,\"caption\":\"Dr. Argentina Vidra\u015fcu - Rinoplastie Cluj\"},\"image\":{\"@id\":\"https:\/\/argentinavidrascu.com\/#\/schema\/logo\/image\/\"}}]}<\/script>\n<!-- \/ Yoast SEO plugin. -->","yoast_head_json":{"title":"Politica cookies - Dr. Argentina Vidra\u015fcu - Rinoplastie Cluj","robots":{"index":"index","follow":"follow","max-snippet":"max-snippet:-1","max-image-preview":"max-image-preview:large","max-video-preview":"max-video-preview:-1"},"canonical":"https:\/\/argentinavidrascu.com\/es\/politica-cookies\/","og_locale":"es_ES","og_type":"article","og_title":"Politica cookies - Dr. Argentina Vidra\u015fcu - Rinoplastie Cluj","og_description":"Politica privind fi\u0219ierele cookie Ultima actualizare: mai 2018 Introducere Prezenta Politic\u0103 privind fi\u0219ierele cookies se aplic\u0103 tuturor utilizatorilor paginii de internet argentinavidrascu.com. Informa\u021biile prezentate \u00een continuare au ca scop informarea utilizatorilor acestei pagini de internet cu privire la plasarea, utilizarea \u0219i administrarea cookie-urilor de c\u0103tre VIDRA HOME CA SRL \u00een contextul navig\u0103rii utilizatorilor pe aceast\u0103 [&hellip;]","og_url":"https:\/\/argentinavidrascu.com\/es\/politica-cookies\/","og_site_name":"Dr. Argentina Vidra\u015fcu - Rinoplastie Cluj","article_modified_time":"2023-09-25T21:20:03+00:00","twitter_card":"summary_large_image","twitter_misc":{"Tiempo de lectura":"5 minutos"},"schema":{"@context":"https:\/\/schema.org","@graph":[{"@type":"WebPage","@id":"https:\/\/argentinavidrascu.com\/politica-cookies\/","url":"https:\/\/argentinavidrascu.com\/politica-cookies\/","name":"Politica cookies - Dr. Argentina Vidra\u015fcu - Rinoplastie Cluj","isPartOf":{"@id":"https:\/\/argentinavidrascu.com\/#website"},"datePublished":"2023-09-25T19:58:33+00:00","dateModified":"2023-09-25T21:20:03+00:00","breadcrumb":{"@id":"https:\/\/argentinavidrascu.com\/politica-cookies\/#breadcrumb"},"inLanguage":"es","potentialAction":[{"@type":"ReadAction","target":["https:\/\/argentinavidrascu.com\/politica-cookies\/"]}]},{"@type":"BreadcrumbList","@id":"https:\/\/argentinavidrascu.com\/politica-cookies\/#breadcrumb","itemListElement":[{"@type":"ListItem","position":1,"name":"Home","item":"https:\/\/argentinavidrascu.com\/"},{"@type":"ListItem","position":2,"name":"Politica cookies"}]},{"@type":"WebSite","@id":"https:\/\/argentinavidrascu.com\/#website","url":"https:\/\/argentinavidrascu.com\/","name":"Dr. Argentina Vidra\u015fcu - Rinoplastie Cluj","description":"","publisher":{"@id":"https:\/\/argentinavidrascu.com\/#organization"},"potentialAction":[{"@type":"SearchAction","target":{"@type":"EntryPoint","urlTemplate":"https:\/\/argentinavidrascu.com\/?s={search_term_string}"},"query-input":"required name=search_term_string"}],"inLanguage":"es"},{"@type":"Organization","@id":"https:\/\/argentinavidrascu.com\/#organization","name":"Dr. Argentina Vidra\u015fcu - Rinoplastie Cluj","url":"https:\/\/argentinavidrascu.com\/","logo":{"@type":"ImageObject","inLanguage":"es","@id":"https:\/\/argentinavidrascu.com\/#\/schema\/logo\/image\/","url":"https:\/\/argentinavidrascu.com\/wp-content\/uploads\/2023\/09\/Dr-Argebtina-Vidrascu-Logo.png","contentUrl":"https:\/\/argentinavidrascu.com\/wp-content\/uploads\/2023\/09\/Dr-Argebtina-Vidrascu-Logo.png","width":1050,"height":104,"caption":"Dr. Argentina Vidra\u015fcu - Rinoplastie Cluj"},"image":{"@id":"https:\/\/argentinavidrascu.com\/#\/schema\/logo\/image\/"}}]}},"_links":{"self":[{"href":"https:\/\/argentinavidrascu.com\/es\/wp-json\/wp\/v2\/pages\/1520"}],"collection":[{"href":"https:\/\/argentinavidrascu.com\/es\/wp-json\/wp\/v2\/pages"}],"about":[{"href":"https:\/\/argentinavidrascu.com\/es\/wp-json\/wp\/v2\/types\/page"}],"author":[{"embeddable":true,"href":"https:\/\/argentinavidrascu.com\/es\/wp-json\/wp\/v2\/users\/2"}],"replies":[{"embeddable":true,"href":"https:\/\/argentinavidrascu.com\/es\/wp-json\/wp\/v2\/comments?post=1520"}],"version-history":[{"count":0,"href":"https:\/\/argentinavidrascu.com\/es\/wp-json\/wp\/v2\/pages\/1520\/revisions"}],"wp:attachment":[{"href":"https:\/\/argentinavidrascu.com\/es\/wp-json\/wp\/v2\/media?parent=1520"}],"curies":[{"name":"wp","href":"https:\/\/api.w.org\/{rel}","templated":true}]}}