{"id":37,"date":"2019-03-11T16:50:20","date_gmt":"2019-03-11T16:50:20","guid":{"rendered":"http:\/\/argentinavidrascu.com\/?page_id=37"},"modified":"2021-11-23T19:15:16","modified_gmt":"2021-11-23T17:15:16","slug":"indicatii-generale","status":"publish","type":"page","link":"https:\/\/argentinavidrascu.com\/en\/indicatii-generale\/","title":{"rendered":"Rinoplastie"},"content":{"rendered":"<p><strong>Dr. Argentina Vidrascu este chirurg plastician specializat <\/strong><strong>de 20 de ani <\/strong><strong>\u00een septorinoplastie deschis\u0103.<\/strong><\/p>\n<p>D-na dr. Argentina Vidra\u0219cu este singura femeie chirurg din Rom\u00e2nia specializat\u0103 \u00een rinoplastie, devia\u021bie de sept, reconstruc\u021bii nas dup\u0103 traumatisme \u0219i cheiloschizis\/cheilognatoschizis.<\/p>\n<p>Specializarea \u00een rinoplastie estetic\u0103 a efectuat-o timp de 20 de ani cu cei mai buni profesori de rinoplastie estetic\u0103 \u0219i devia\u021bie sept din lume.<\/p>\n<p>\u00ce\u0219i desf\u0103\u0219oar\u0103 activitatea de chirurg rinoplast la clinica sa din Cluj deschis\u0103 din 2004. Rezultatele rinoplastiei efectuate de c\u0103tre d-na Dr. Argentina Vidra\u0219cu au aspect natural, sunt armonioase \u0219i pl\u0103cute, \u00a0stabile \u00een timp pentru toat\u0103 via\u021ba.<\/p>\n<p>Rinoplastia la d-na Dr. Argentina Vidra\u0219cu este efectuat\u0103 numai dup\u0103 c\u00e2teva consulta\u021bii de rinoplastie, devia\u021bie de sept, cornete nazale m\u0103rite.<\/p>\n<p>Consulta\u021bia de rinoplastie se va efectua, obligatoriu, cu endoscopul nazal pentru a evalua starea cornetelor nazale \u0219i a gradului devia\u021biei de sept.<\/p>\n<p>Se va efectua o simulare a rezultatului rinoplastiei \u00eenc\u0103 de la prima consulta\u021bie dup\u0103 ce pacientul trimite poze\u00a0 la adresa de mail <a href=\"mailto:doctorvidrascu@gmail.com\">doctorvidrascu@gmail.com<\/a> pentru a primi o schi\u021b\u0103 cu rezultatul rinoplastiei.<\/p>\n<p>C\u00e2nd pacientul se preg\u0103te\u0219te pentru o rinoplastie \u00een Cluj sau \u00een alte ora\u0219e din Rom\u00e2nia ar trebui s\u0103 solicite mai multe consulta\u021bii la chirurgi plasticieni <strong>specializa\u021bi <\/strong>\u00een rinoplastie estetic\u0103, devia\u021bie de sept, opera\u021bie nas, opera\u021bie cornete cu radiofrecven\u021b\u0103, nas \u00eenfundat, sfor\u0103it, nas operat, nas rupt, nas de boxer sau alte opera\u021bii de \u00a0corec\u0163ie a nasului sau a respira\u021biei pe gur\u0103.<\/p>\n<p>C\u00e2nd pacientul a avut deja opera\u021bie pe nas sau rinoplastie cu un rezultat care nu-l mul\u021bume\u0219te, acesta are nevoie de \u00eenc\u0103 o rinoplastie estetic\u0103 \u0219i func\u021bional\u0103.<\/p>\n<p>Este necesar un chirurg rinoplast care are experien\u021b\u0103 \u00een rinoplastie estetic\u0103 secundar\u0103, deoarece rinoplastia secundar\u0103 sau rinoplastia ter\u021biar\u0103 ( a treia rinoplastie) necesit\u0103 abilit\u0103\u021bi foarte bune \u00een rinoplastia estetic\u0103 \u0219i corectarea respira\u021biei pe nas.<\/p>\n<p>D-na Dr. Argentina Vidra\u0219cu repar\u0103 nasurile deja operate care vin la clinic\u0103 pentru ajutor. Folose\u0219te la acest tip de rinoplastii tehnica \u00eenv\u0103\u021bat\u0103 la unul dintre cei mai buni chirurgi din lume pe rinoplastii \u2013 Dr. Hossam Foda.<\/p>\n<p>Aceast\u0103 tehnic\u0103 implic\u0103 folosirea cartilajului de la ureche ( nu de la nivelul coastei). Astfel, recuperarea este mult mai rapid\u0103, f\u0103r\u0103 v\u00e2n\u0103t\u0103i \u0219i nu exist\u0103 riscul ca nasul s\u0103 devin\u0103 dur din cauza fragmentului de coast\u0103.<\/p>\n<p>Astfel, un pre\u021b la rinoplastie reflect\u0103 toat\u0103 experien\u021ba \u0219i maiestria chirurgului rinoplast.<\/p>\n<p>Este foarte important ca chirurgia nasului s\u0103 includ\u0103 \u015fi tratamentul devia\u0163iei de sept cu pozi\u0163ionarea piramidei osoase pe linia median\u0103 pentru ob\u0163inerea unui rezultat predictibil, stabil, armonios \u015fi f\u0103r\u0103 probleme de respira\u0163ie.<\/p>\n<p>Chirurgul de rinoplastie ( rinoplast) corecteaz\u0103 devia\u021bia de sept pentru a trata problemele de respira\u021bie, dar \u0219i pentru a reu\u0219i opera\u021bia estetic\u0103 a nasului.<\/p>\n<p>Este foarte important s\u0103 corectezi toat\u0103 structura nasului. Costul opera\u021biei pe nas include \u0219i opera\u021bia devia\u021bie de sept \u0219i tratare cornete cu radiofrecven\u021b\u0103, tratament sfor\u0103it \u0219i respira\u021bie pe gur\u0103.<\/p>\n<p><strong>Procesul decurge astfel:<\/strong><\/p>\n<p>O prim\u0103 consulta\u0163ie cu ocazia c\u0103reia se examineaz\u0103 septul, respira\u0163ia\u00a0 pe narine, starea piramidei osoase, a cartilajelor si tegumentului regiunii nazale.<\/p>\n<p>Pacienta\/pacientul \u00ee\u0219i expune EXACT defectele pe care dore\u015fte s\u0103 le corecteze \u015fi prioritatea acestora. Un chirurg rinoplast trebuie s\u0103 fie capabil s\u0103 remedieze toate problemele legate de nas \u0219i respira\u021bia pe nas.<\/p>\n<p>Este important ca pacientul s\u0103 fie echilibrat psihologic pentru a beneficia de rinoplastie, deoarece aceast\u0103 este o interventie\u00a0 extrem de laborioas\u0103, de mare precizie, dificil de executat \u015fi cu un impact mare asupra imaginii.<\/p>\n<p>Pe parcursul acestei \u00eentrevederi i se aduc la cuno\u015ftin\u0163\u0103 \u015fi riscurile, efectele adverse, conduit\u0103 postoperatorie \u015fi perioada de recuperare.<\/p>\n<p>La consulta\u0163ia preoperatorie\u00a0 se preiau imaginile foto ale pacientului pentru stabilirea exact\u0103 a planului operator: modific\u0103rile estetice \u015fi func\u0163ionale. Se completeaz\u0103 diagrama cu modific\u0103rile propuse, at\u00e2t pe sept, cornete nazale c\u00e2t \u015fi pentru nas.<\/p>\n<p>Rinoplastia deschis\u0103 se poate efectua \u00een bune condi\u0163ii doar cu anestezie general\u0103. \u00cen diminea\u0163a rinoplastiei, pacientul nu va consuma deloc alimente lichide \u015fi solide. Toat\u0103 opera\u021bia pe nas dureaza 1,5 \u2013 2 h,\u00a0cu minim\u0103 cicatrice \u2013 \u00een func\u0163ie de modific\u0103rile necesare.<\/p>\n<p>Uneori se poate efectua \u015fi septorinoplastia \u00eenchis\u0103 pentru mici retu\u015furi. Acest detaliu este foarte important deoarece echipa este foarte bine antrenat\u0103 pentru rinoplastii \u0219i se reduce la minimum riscul operator \u0219i anestezic. <strong>Cu c\u00e2t dureaz\u0103 mai mult o rinoplastie, cu at\u00e2t vor fi\u00a0 inflama\u021bia \u0219i v\u00e2n\u0103t\u0103ile mai mari<\/strong>. Dup\u0103 rinoplastie pacientul r\u0103m\u00e2ne internat pentru o noapte sub supraveghere medical\u0103. <strong>Noi nu aplic\u0103m tuburi sau tampoane \u00een nas,<\/strong> deoarece lucr\u0103m cu radiofrecven\u021b\u0103 \u0219i nu apar s\u00e2nger\u0103ri, inflama\u021bie sau v\u00e2n\u0103t\u0103i mari dup\u0103 rinoplastie. Acas\u0103, pacientul \u00a0va sp\u0103la zilnic narinele \u0219i va aplica unguent pentru vindecare rapid\u0103.<br \/>\nFirele se scot la 10 zile, pentru a l\u0103sa cicatrici minime. V\u00e2n\u0103t\u0103ile de la nivelul pleoapelor, dac\u0103 exist\u0103, \u00a0persist\u0103 7 zile, iar inflama\u0163ia \u2013 o lun\u0103. Rezultatul final se instaleaz\u0103 la aproximativ un an. Se vor folosi la control imagini rinoplastie before &amp;after pentru monitorizare.<\/p>\n<p>Garant\u0103m un rezultat rinoplastie cu aspect natural \u0219i frumos, precum \u0219i o respira\u021bie pe nas mai bun\u0103 dec\u00e2t p\u00e2n\u0103 la septorinoplastie \u0219i tratarea cornetelor cu radiofrecven\u021b\u0103.<\/p>\n<p>&nbsp;<\/p>\n<p>&nbsp;<\/p>\n<p>&nbsp;<\/p>","protected":false},"excerpt":{"rendered":"<p>Dr. Argentina Vidrascu este chirurg plastician specializat de 20 de ani \u00een septorinoplastie deschis\u0103. D-na dr. Argentina Vidra\u0219cu este singura femeie chirurg din Rom\u00e2nia specializat\u0103 \u00een rinoplastie, devia\u021bie de sept, reconstruc\u021bii nas dup\u0103 traumatisme \u0219i cheiloschizis\/cheilognatoschizis. Specializarea \u00een rinoplastie estetic\u0103 a efectuat-o timp de 20 de ani cu cei mai buni profesori de rinoplastie estetic\u0103 [&hellip;]<\/p>","protected":false},"author":1,"featured_media":0,"parent":0,"menu_order":0,"comment_status":"closed","ping_status":"closed","template":"","meta":{"footnotes":""},"yoast_head":"<!-- This site is optimized with the Yoast SEO plugin v21.6 - https:\/\/yoast.com\/wordpress\/plugins\/seo\/ -->\n<title>Rinoplastie - Dr. Argentina Vidra\u015fcu - Rinoplastie Cluj<\/title>\n<meta name=\"robots\" content=\"index, follow, max-snippet:-1, max-image-preview:large, max-video-preview:-1\" \/>\n<link rel=\"canonical\" href=\"https:\/\/argentinavidrascu.com\/en\/indicatii-generale\/\" \/>\n<meta property=\"og:locale\" content=\"en_US\" \/>\n<meta property=\"og:type\" content=\"article\" \/>\n<meta property=\"og:title\" content=\"Rinoplastie - Dr. Argentina Vidra\u015fcu - Rinoplastie Cluj\" \/>\n<meta property=\"og:description\" content=\"Dr. Argentina Vidrascu este chirurg plastician specializat de 20 de ani \u00een septorinoplastie deschis\u0103. D-na dr. Argentina Vidra\u0219cu este singura femeie chirurg din Rom\u00e2nia specializat\u0103 \u00een rinoplastie, devia\u021bie de sept, reconstruc\u021bii nas dup\u0103 traumatisme \u0219i cheiloschizis\/cheilognatoschizis. Specializarea \u00een rinoplastie estetic\u0103 a efectuat-o timp de 20 de ani cu cei mai buni profesori de rinoplastie estetic\u0103 [&hellip;]\" \/>\n<meta property=\"og:url\" content=\"https:\/\/argentinavidrascu.com\/en\/indicatii-generale\/\" \/>\n<meta property=\"og:site_name\" content=\"Dr. Argentina Vidra\u015fcu - Rinoplastie Cluj\" \/>\n<meta property=\"article:modified_time\" content=\"2021-11-23T17:15:16+00:00\" \/>\n<meta name=\"twitter:card\" content=\"summary_large_image\" \/>\n<meta name=\"twitter:label1\" content=\"Est. reading time\" \/>\n\t<meta name=\"twitter:data1\" content=\"5 minutes\" \/>\n<script type=\"application\/ld+json\" class=\"yoast-schema-graph\">{\"@context\":\"https:\/\/schema.org\",\"@graph\":[{\"@type\":\"WebPage\",\"@id\":\"https:\/\/argentinavidrascu.com\/indicatii-generale\/\",\"url\":\"https:\/\/argentinavidrascu.com\/indicatii-generale\/\",\"name\":\"Rinoplastie - Dr. Argentina Vidra\u015fcu - Rinoplastie Cluj\",\"isPartOf\":{\"@id\":\"https:\/\/argentinavidrascu.com\/#website\"},\"datePublished\":\"2019-03-11T16:50:20+00:00\",\"dateModified\":\"2021-11-23T17:15:16+00:00\",\"breadcrumb\":{\"@id\":\"https:\/\/argentinavidrascu.com\/indicatii-generale\/#breadcrumb\"},\"inLanguage\":\"en-US\",\"potentialAction\":[{\"@type\":\"ReadAction\",\"target\":[\"https:\/\/argentinavidrascu.com\/indicatii-generale\/\"]}]},{\"@type\":\"BreadcrumbList\",\"@id\":\"https:\/\/argentinavidrascu.com\/indicatii-generale\/#breadcrumb\",\"itemListElement\":[{\"@type\":\"ListItem\",\"position\":1,\"name\":\"Home\",\"item\":\"https:\/\/argentinavidrascu.com\/\"},{\"@type\":\"ListItem\",\"position\":2,\"name\":\"Rinoplastie\"}]},{\"@type\":\"WebSite\",\"@id\":\"https:\/\/argentinavidrascu.com\/#website\",\"url\":\"https:\/\/argentinavidrascu.com\/\",\"name\":\"Dr. Argentina Vidra\u015fcu - Rinoplastie Cluj\",\"description\":\"\",\"publisher\":{\"@id\":\"https:\/\/argentinavidrascu.com\/#organization\"},\"potentialAction\":[{\"@type\":\"SearchAction\",\"target\":{\"@type\":\"EntryPoint\",\"urlTemplate\":\"https:\/\/argentinavidrascu.com\/?s={search_term_string}\"},\"query-input\":\"required name=search_term_string\"}],\"inLanguage\":\"en-US\"},{\"@type\":\"Organization\",\"@id\":\"https:\/\/argentinavidrascu.com\/#organization\",\"name\":\"Dr. Argentina Vidra\u015fcu - Rinoplastie Cluj\",\"url\":\"https:\/\/argentinavidrascu.com\/\",\"logo\":{\"@type\":\"ImageObject\",\"inLanguage\":\"en-US\",\"@id\":\"https:\/\/argentinavidrascu.com\/#\/schema\/logo\/image\/\",\"url\":\"https:\/\/argentinavidrascu.com\/wp-content\/uploads\/2023\/09\/Dr-Argebtina-Vidrascu-Logo.png\",\"contentUrl\":\"https:\/\/argentinavidrascu.com\/wp-content\/uploads\/2023\/09\/Dr-Argebtina-Vidrascu-Logo.png\",\"width\":1050,\"height\":104,\"caption\":\"Dr. Argentina Vidra\u015fcu - Rinoplastie Cluj\"},\"image\":{\"@id\":\"https:\/\/argentinavidrascu.com\/#\/schema\/logo\/image\/\"}}]}<\/script>\n<!-- \/ Yoast SEO plugin. -->","yoast_head_json":{"title":"Rinoplastie - Dr. Argentina Vidra\u015fcu - Rinoplastie Cluj","robots":{"index":"index","follow":"follow","max-snippet":"max-snippet:-1","max-image-preview":"max-image-preview:large","max-video-preview":"max-video-preview:-1"},"canonical":"https:\/\/argentinavidrascu.com\/en\/indicatii-generale\/","og_locale":"en_US","og_type":"article","og_title":"Rinoplastie - Dr. Argentina Vidra\u015fcu - Rinoplastie Cluj","og_description":"Dr. Argentina Vidrascu este chirurg plastician specializat de 20 de ani \u00een septorinoplastie deschis\u0103. D-na dr. Argentina Vidra\u0219cu este singura femeie chirurg din Rom\u00e2nia specializat\u0103 \u00een rinoplastie, devia\u021bie de sept, reconstruc\u021bii nas dup\u0103 traumatisme \u0219i cheiloschizis\/cheilognatoschizis. Specializarea \u00een rinoplastie estetic\u0103 a efectuat-o timp de 20 de ani cu cei mai buni profesori de rinoplastie estetic\u0103 [&hellip;]","og_url":"https:\/\/argentinavidrascu.com\/en\/indicatii-generale\/","og_site_name":"Dr. Argentina Vidra\u015fcu - Rinoplastie Cluj","article_modified_time":"2021-11-23T17:15:16+00:00","twitter_card":"summary_large_image","twitter_misc":{"Est. reading time":"5 minutes"},"schema":{"@context":"https:\/\/schema.org","@graph":[{"@type":"WebPage","@id":"https:\/\/argentinavidrascu.com\/indicatii-generale\/","url":"https:\/\/argentinavidrascu.com\/indicatii-generale\/","name":"Rinoplastie - Dr. Argentina Vidra\u015fcu - Rinoplastie Cluj","isPartOf":{"@id":"https:\/\/argentinavidrascu.com\/#website"},"datePublished":"2019-03-11T16:50:20+00:00","dateModified":"2021-11-23T17:15:16+00:00","breadcrumb":{"@id":"https:\/\/argentinavidrascu.com\/indicatii-generale\/#breadcrumb"},"inLanguage":"en-US","potentialAction":[{"@type":"ReadAction","target":["https:\/\/argentinavidrascu.com\/indicatii-generale\/"]}]},{"@type":"BreadcrumbList","@id":"https:\/\/argentinavidrascu.com\/indicatii-generale\/#breadcrumb","itemListElement":[{"@type":"ListItem","position":1,"name":"Home","item":"https:\/\/argentinavidrascu.com\/"},{"@type":"ListItem","position":2,"name":"Rinoplastie"}]},{"@type":"WebSite","@id":"https:\/\/argentinavidrascu.com\/#website","url":"https:\/\/argentinavidrascu.com\/","name":"Dr. Argentina Vidra\u015fcu - Rinoplastie Cluj","description":"","publisher":{"@id":"https:\/\/argentinavidrascu.com\/#organization"},"potentialAction":[{"@type":"SearchAction","target":{"@type":"EntryPoint","urlTemplate":"https:\/\/argentinavidrascu.com\/?s={search_term_string}"},"query-input":"required name=search_term_string"}],"inLanguage":"en-US"},{"@type":"Organization","@id":"https:\/\/argentinavidrascu.com\/#organization","name":"Dr. Argentina Vidra\u015fcu - Rinoplastie Cluj","url":"https:\/\/argentinavidrascu.com\/","logo":{"@type":"ImageObject","inLanguage":"en-US","@id":"https:\/\/argentinavidrascu.com\/#\/schema\/logo\/image\/","url":"https:\/\/argentinavidrascu.com\/wp-content\/uploads\/2023\/09\/Dr-Argebtina-Vidrascu-Logo.png","contentUrl":"https:\/\/argentinavidrascu.com\/wp-content\/uploads\/2023\/09\/Dr-Argebtina-Vidrascu-Logo.png","width":1050,"height":104,"caption":"Dr. Argentina Vidra\u015fcu - Rinoplastie Cluj"},"image":{"@id":"https:\/\/argentinavidrascu.com\/#\/schema\/logo\/image\/"}}]}},"_links":{"self":[{"href":"https:\/\/argentinavidrascu.com\/en\/wp-json\/wp\/v2\/pages\/37"}],"collection":[{"href":"https:\/\/argentinavidrascu.com\/en\/wp-json\/wp\/v2\/pages"}],"about":[{"href":"https:\/\/argentinavidrascu.com\/en\/wp-json\/wp\/v2\/types\/page"}],"author":[{"embeddable":true,"href":"https:\/\/argentinavidrascu.com\/en\/wp-json\/wp\/v2\/users\/1"}],"replies":[{"embeddable":true,"href":"https:\/\/argentinavidrascu.com\/en\/wp-json\/wp\/v2\/comments?post=37"}],"version-history":[{"count":0,"href":"https:\/\/argentinavidrascu.com\/en\/wp-json\/wp\/v2\/pages\/37\/revisions"}],"wp:attachment":[{"href":"https:\/\/argentinavidrascu.com\/en\/wp-json\/wp\/v2\/media?parent=37"}],"curies":[{"name":"wp","href":"https:\/\/api.w.org\/{rel}","templated":true}]}}