{"id":33,"date":"2019-03-11T11:03:52","date_gmt":"2019-03-11T11:03:52","guid":{"rendered":"http:\/\/argentinavidrascu.com\/?page_id=33"},"modified":"2019-03-11T11:03:52","modified_gmt":"2019-03-11T11:03:52","slug":"supraspecializarea-in-rinoplastie","status":"publish","type":"page","link":"https:\/\/argentinavidrascu.com\/en\/supraspecializarea-in-rinoplastie\/","title":{"rendered":"Supraspecializarea \u00een Rinoplastie"},"content":{"rendered":"<p>Apel\u0103m la profesioni\u0219ti atunci c\u00e2nd ne dorim cele mai bune rezultate!<\/p>\n<p>O echip\u0103 de chirurgi supraspecializat\u0103 \u00een rinoplastie \u00ee\u021bi ofer\u0103 garan\u021bia \u0219i confortul psihic \u00a0unui act medical de succes.<\/p>\n<p>La clinica noastr\u0103, rinoplastia este o interven\u021bie minim-invaziv\u0103 de doar 90 de minute, cu recuperare extrem de rapid\u0103 datorit\u0103 utiliz\u0103rii radiofrecven\u021bei, \u0219i a experien\u021bei echipei medicale preg\u0103tit\u0103 pentru septorinoplastia deschis\u0103.<\/p>","protected":false},"excerpt":{"rendered":"<p>Apel\u0103m la profesioni\u0219ti atunci c\u00e2nd ne dorim cele mai bune rezultate! O echip\u0103 de chirurgi supraspecializat\u0103 \u00een rinoplastie \u00ee\u021bi ofer\u0103 garan\u021bia \u0219i confortul psihic \u00a0unui act medical de succes. La clinica noastr\u0103, rinoplastia este o interven\u021bie minim-invaziv\u0103 de doar 90 de minute, cu recuperare extrem de rapid\u0103 datorit\u0103 utiliz\u0103rii radiofrecven\u021bei, \u0219i a experien\u021bei echipei medicale [&hellip;]<\/p>","protected":false},"author":1,"featured_media":0,"parent":0,"menu_order":0,"comment_status":"closed","ping_status":"closed","template":"","meta":{"footnotes":""},"yoast_head":"<!-- This site is optimized with the Yoast SEO plugin v21.6 - https:\/\/yoast.com\/wordpress\/plugins\/seo\/ -->\n<title>Supraspecializarea \u00een Rinoplastie - Dr. Argentina Vidra\u015fcu - Rinoplastie Cluj<\/title>\n<meta name=\"robots\" content=\"index, follow, max-snippet:-1, max-image-preview:large, max-video-preview:-1\" \/>\n<link rel=\"canonical\" href=\"https:\/\/argentinavidrascu.com\/en\/supraspecializarea-in-rinoplastie\/\" \/>\n<meta property=\"og:locale\" content=\"en_US\" \/>\n<meta property=\"og:type\" content=\"article\" \/>\n<meta property=\"og:title\" content=\"Supraspecializarea \u00een Rinoplastie - Dr. Argentina Vidra\u015fcu - Rinoplastie Cluj\" \/>\n<meta property=\"og:description\" content=\"Apel\u0103m la profesioni\u0219ti atunci c\u00e2nd ne dorim cele mai bune rezultate! O echip\u0103 de chirurgi supraspecializat\u0103 \u00een rinoplastie \u00ee\u021bi ofer\u0103 garan\u021bia \u0219i confortul psihic \u00a0unui act medical de succes. La clinica noastr\u0103, rinoplastia este o interven\u021bie minim-invaziv\u0103 de doar 90 de minute, cu recuperare extrem de rapid\u0103 datorit\u0103 utiliz\u0103rii radiofrecven\u021bei, \u0219i a experien\u021bei echipei medicale [&hellip;]\" \/>\n<meta property=\"og:url\" content=\"https:\/\/argentinavidrascu.com\/en\/supraspecializarea-in-rinoplastie\/\" \/>\n<meta property=\"og:site_name\" content=\"Dr. Argentina Vidra\u015fcu - Rinoplastie Cluj\" \/>\n<meta name=\"twitter:card\" content=\"summary_large_image\" \/>\n<script type=\"application\/ld+json\" class=\"yoast-schema-graph\">{\"@context\":\"https:\/\/schema.org\",\"@graph\":[{\"@type\":\"WebPage\",\"@id\":\"https:\/\/argentinavidrascu.com\/supraspecializarea-in-rinoplastie\/\",\"url\":\"https:\/\/argentinavidrascu.com\/supraspecializarea-in-rinoplastie\/\",\"name\":\"Supraspecializarea \u00een Rinoplastie - Dr. Argentina Vidra\u015fcu - Rinoplastie Cluj\",\"isPartOf\":{\"@id\":\"https:\/\/argentinavidrascu.com\/#website\"},\"datePublished\":\"2019-03-11T11:03:52+00:00\",\"dateModified\":\"2019-03-11T11:03:52+00:00\",\"breadcrumb\":{\"@id\":\"https:\/\/argentinavidrascu.com\/supraspecializarea-in-rinoplastie\/#breadcrumb\"},\"inLanguage\":\"en-US\",\"potentialAction\":[{\"@type\":\"ReadAction\",\"target\":[\"https:\/\/argentinavidrascu.com\/supraspecializarea-in-rinoplastie\/\"]}]},{\"@type\":\"BreadcrumbList\",\"@id\":\"https:\/\/argentinavidrascu.com\/supraspecializarea-in-rinoplastie\/#breadcrumb\",\"itemListElement\":[{\"@type\":\"ListItem\",\"position\":1,\"name\":\"Home\",\"item\":\"https:\/\/argentinavidrascu.com\/\"},{\"@type\":\"ListItem\",\"position\":2,\"name\":\"Supraspecializarea \u00een Rinoplastie\"}]},{\"@type\":\"WebSite\",\"@id\":\"https:\/\/argentinavidrascu.com\/#website\",\"url\":\"https:\/\/argentinavidrascu.com\/\",\"name\":\"Dr. Argentina Vidra\u015fcu - Rinoplastie Cluj\",\"description\":\"\",\"publisher\":{\"@id\":\"https:\/\/argentinavidrascu.com\/#organization\"},\"potentialAction\":[{\"@type\":\"SearchAction\",\"target\":{\"@type\":\"EntryPoint\",\"urlTemplate\":\"https:\/\/argentinavidrascu.com\/?s={search_term_string}\"},\"query-input\":\"required name=search_term_string\"}],\"inLanguage\":\"en-US\"},{\"@type\":\"Organization\",\"@id\":\"https:\/\/argentinavidrascu.com\/#organization\",\"name\":\"Dr. Argentina Vidra\u015fcu - Rinoplastie Cluj\",\"url\":\"https:\/\/argentinavidrascu.com\/\",\"logo\":{\"@type\":\"ImageObject\",\"inLanguage\":\"en-US\",\"@id\":\"https:\/\/argentinavidrascu.com\/#\/schema\/logo\/image\/\",\"url\":\"https:\/\/argentinavidrascu.com\/wp-content\/uploads\/2023\/09\/Dr-Argebtina-Vidrascu-Logo.png\",\"contentUrl\":\"https:\/\/argentinavidrascu.com\/wp-content\/uploads\/2023\/09\/Dr-Argebtina-Vidrascu-Logo.png\",\"width\":1050,\"height\":104,\"caption\":\"Dr. Argentina Vidra\u015fcu - Rinoplastie Cluj\"},\"image\":{\"@id\":\"https:\/\/argentinavidrascu.com\/#\/schema\/logo\/image\/\"}}]}<\/script>\n<!-- \/ Yoast SEO plugin. -->","yoast_head_json":{"title":"Supraspecializarea \u00een Rinoplastie - Dr. Argentina Vidra\u015fcu - Rinoplastie Cluj","robots":{"index":"index","follow":"follow","max-snippet":"max-snippet:-1","max-image-preview":"max-image-preview:large","max-video-preview":"max-video-preview:-1"},"canonical":"https:\/\/argentinavidrascu.com\/en\/supraspecializarea-in-rinoplastie\/","og_locale":"en_US","og_type":"article","og_title":"Supraspecializarea \u00een Rinoplastie - Dr. Argentina Vidra\u015fcu - Rinoplastie Cluj","og_description":"Apel\u0103m la profesioni\u0219ti atunci c\u00e2nd ne dorim cele mai bune rezultate! O echip\u0103 de chirurgi supraspecializat\u0103 \u00een rinoplastie \u00ee\u021bi ofer\u0103 garan\u021bia \u0219i confortul psihic \u00a0unui act medical de succes. La clinica noastr\u0103, rinoplastia este o interven\u021bie minim-invaziv\u0103 de doar 90 de minute, cu recuperare extrem de rapid\u0103 datorit\u0103 utiliz\u0103rii radiofrecven\u021bei, \u0219i a experien\u021bei echipei medicale [&hellip;]","og_url":"https:\/\/argentinavidrascu.com\/en\/supraspecializarea-in-rinoplastie\/","og_site_name":"Dr. Argentina Vidra\u015fcu - Rinoplastie Cluj","twitter_card":"summary_large_image","schema":{"@context":"https:\/\/schema.org","@graph":[{"@type":"WebPage","@id":"https:\/\/argentinavidrascu.com\/supraspecializarea-in-rinoplastie\/","url":"https:\/\/argentinavidrascu.com\/supraspecializarea-in-rinoplastie\/","name":"Supraspecializarea \u00een Rinoplastie - Dr. Argentina Vidra\u015fcu - Rinoplastie Cluj","isPartOf":{"@id":"https:\/\/argentinavidrascu.com\/#website"},"datePublished":"2019-03-11T11:03:52+00:00","dateModified":"2019-03-11T11:03:52+00:00","breadcrumb":{"@id":"https:\/\/argentinavidrascu.com\/supraspecializarea-in-rinoplastie\/#breadcrumb"},"inLanguage":"en-US","potentialAction":[{"@type":"ReadAction","target":["https:\/\/argentinavidrascu.com\/supraspecializarea-in-rinoplastie\/"]}]},{"@type":"BreadcrumbList","@id":"https:\/\/argentinavidrascu.com\/supraspecializarea-in-rinoplastie\/#breadcrumb","itemListElement":[{"@type":"ListItem","position":1,"name":"Home","item":"https:\/\/argentinavidrascu.com\/"},{"@type":"ListItem","position":2,"name":"Supraspecializarea \u00een Rinoplastie"}]},{"@type":"WebSite","@id":"https:\/\/argentinavidrascu.com\/#website","url":"https:\/\/argentinavidrascu.com\/","name":"Dr. Argentina Vidra\u015fcu - Rinoplastie Cluj","description":"","publisher":{"@id":"https:\/\/argentinavidrascu.com\/#organization"},"potentialAction":[{"@type":"SearchAction","target":{"@type":"EntryPoint","urlTemplate":"https:\/\/argentinavidrascu.com\/?s={search_term_string}"},"query-input":"required name=search_term_string"}],"inLanguage":"en-US"},{"@type":"Organization","@id":"https:\/\/argentinavidrascu.com\/#organization","name":"Dr. Argentina Vidra\u015fcu - Rinoplastie Cluj","url":"https:\/\/argentinavidrascu.com\/","logo":{"@type":"ImageObject","inLanguage":"en-US","@id":"https:\/\/argentinavidrascu.com\/#\/schema\/logo\/image\/","url":"https:\/\/argentinavidrascu.com\/wp-content\/uploads\/2023\/09\/Dr-Argebtina-Vidrascu-Logo.png","contentUrl":"https:\/\/argentinavidrascu.com\/wp-content\/uploads\/2023\/09\/Dr-Argebtina-Vidrascu-Logo.png","width":1050,"height":104,"caption":"Dr. Argentina Vidra\u015fcu - Rinoplastie Cluj"},"image":{"@id":"https:\/\/argentinavidrascu.com\/#\/schema\/logo\/image\/"}}]}},"_links":{"self":[{"href":"https:\/\/argentinavidrascu.com\/en\/wp-json\/wp\/v2\/pages\/33"}],"collection":[{"href":"https:\/\/argentinavidrascu.com\/en\/wp-json\/wp\/v2\/pages"}],"about":[{"href":"https:\/\/argentinavidrascu.com\/en\/wp-json\/wp\/v2\/types\/page"}],"author":[{"embeddable":true,"href":"https:\/\/argentinavidrascu.com\/en\/wp-json\/wp\/v2\/users\/1"}],"replies":[{"embeddable":true,"href":"https:\/\/argentinavidrascu.com\/en\/wp-json\/wp\/v2\/comments?post=33"}],"version-history":[{"count":0,"href":"https:\/\/argentinavidrascu.com\/en\/wp-json\/wp\/v2\/pages\/33\/revisions"}],"wp:attachment":[{"href":"https:\/\/argentinavidrascu.com\/en\/wp-json\/wp\/v2\/media?parent=33"}],"curies":[{"name":"wp","href":"https:\/\/api.w.org\/{rel}","templated":true}]}}