{"id":1520,"date":"2023-09-25T22:58:33","date_gmt":"2023-09-25T19:58:33","guid":{"rendered":"https:\/\/argentinavidrascu.com\/?page_id=1520"},"modified":"2023-09-26T00:20:03","modified_gmt":"2023-09-25T21:20:03","slug":"politica-cookies","status":"publish","type":"page","link":"https:\/\/argentinavidrascu.com\/en\/politica-cookies\/","title":{"rendered":"Cookies policy"},"content":{"rendered":"<div data-elementor-type=\"wp-page\" data-elementor-id=\"1520\" class=\"elementor elementor-1520\" data-elementor-post-type=\"page\">\n\t\t\t\t\t\t\t\t\t<section class=\"elementor-section elementor-top-section elementor-element elementor-element-4111dd2 elementor-section-boxed elementor-section-height-default elementor-section-height-default\" data-id=\"4111dd2\" data-element_type=\"section\">\n\t\t\t\t\t\t<div class=\"elementor-container elementor-column-gap-default\">\n\t\t\t\t\t<div class=\"elementor-column elementor-col-100 elementor-top-column elementor-element elementor-element-7eb6bd30\" data-id=\"7eb6bd30\" data-element_type=\"column\">\n\t\t\t<div class=\"elementor-widget-wrap elementor-element-populated\">\n\t\t\t\t\t\t\t\t<div class=\"elementor-element elementor-element-755a562c elementor-widget elementor-widget-heading\" data-id=\"755a562c\" data-element_type=\"widget\" data-widget_type=\"heading.default\">\n\t\t\t\t<div class=\"elementor-widget-container\">\n\t\t\t<style>\/*! elementor - v3.16.0 - 20-09-2023 *\/\n.elementor-heading-title{padding:0;margin:0;line-height:1}.elementor-widget-heading .elementor-heading-title[class*=elementor-size-]>a{color:inherit;font-size:inherit;line-height:inherit}.elementor-widget-heading .elementor-heading-title.elementor-size-small{font-size:15px}.elementor-widget-heading .elementor-heading-title.elementor-size-medium{font-size:19px}.elementor-widget-heading .elementor-heading-title.elementor-size-large{font-size:29px}.elementor-widget-heading .elementor-heading-title.elementor-size-xl{font-size:39px}.elementor-widget-heading .elementor-heading-title.elementor-size-xxl{font-size:59px}<\/style><h1 class=\"elementor-heading-title elementor-size-default\">Cookies Policy<\/h1>\t\t<\/div>\n\t\t\t\t<\/div>\n\t\t\t\t<div class=\"elementor-element elementor-element-3adf2659 elementor-widget elementor-widget-heading\" data-id=\"3adf2659\" data-element_type=\"widget\" data-widget_type=\"heading.default\">\n\t\t\t\t<div class=\"elementor-widget-container\">\n\t\t\t<p class=\"elementor-heading-title elementor-size-default\">Last updated: May 2018<\/p>\t\t<\/div>\n\t\t\t\t<\/div>\n\t\t\t\t\t<\/div>\n\t\t<\/div>\n\t\t\t\t\t\t\t<\/div>\n\t\t<\/section>\n\t\t\t\t<section class=\"elementor-section elementor-top-section elementor-element elementor-element-78df8632 elementor-section-boxed elementor-section-height-default elementor-section-height-default\" data-id=\"78df8632\" data-element_type=\"section\">\n\t\t\t\t\t\t<div class=\"elementor-container elementor-column-gap-default\">\n\t\t\t\t\t<div class=\"elementor-column elementor-col-100 elementor-top-column elementor-element elementor-element-6a03751d\" data-id=\"6a03751d\" data-element_type=\"column\">\n\t\t\t<div class=\"elementor-widget-wrap elementor-element-populated\">\n\t\t\t\t\t\t\t\t<div class=\"elementor-element elementor-element-d4e7ec3 elementor-widget elementor-widget-heading\" data-id=\"d4e7ec3\" data-element_type=\"widget\" id=\"dateleCompaniei\" data-widget_type=\"heading.default\">\n\t\t\t\t<div class=\"elementor-widget-container\">\n\t\t\t<p class=\"elementor-heading-title elementor-size-default\">Introduction<\/p>\t\t<\/div>\n\t\t\t\t<\/div>\n\t\t\t\t<div class=\"elementor-element elementor-element-5efebcd2 elementor-widget elementor-widget-text-editor\" data-id=\"5efebcd2\" data-element_type=\"widget\" data-widget_type=\"text-editor.default\">\n\t\t\t\t<div class=\"elementor-widget-container\">\n\t\t\t<style>\/*! elementor - v3.16.0 - 20-09-2023 *\/\n.elementor-widget-text-editor.elementor-drop-cap-view-stacked .elementor-drop-cap{background-color:#69727d;color:#fff}.elementor-widget-text-editor.elementor-drop-cap-view-framed .elementor-drop-cap{color:#69727d;border:3px solid;background-color:transparent}.elementor-widget-text-editor:not(.elementor-drop-cap-view-default) .elementor-drop-cap{margin-top:8px}.elementor-widget-text-editor:not(.elementor-drop-cap-view-default) .elementor-drop-cap-letter{width:1em;height:1em}.elementor-widget-text-editor .elementor-drop-cap{float:left;text-align:center;line-height:1;font-size:50px}.elementor-widget-text-editor .elementor-drop-cap-letter{display:inline-block}<\/style>\t\t\t\t<p>This Cookie Policy applies to all users of the argentinavidrascu.com website. The information presented below is intended to inform the users of this website about the placement, use and administration of cookies by VIDRA HOME CA SRL in the context of users' navigation on this website.<\/p>\t\t\t\t\t\t<\/div>\n\t\t\t\t<\/div>\n\t\t\t\t<div class=\"elementor-element elementor-element-27d3bb2b elementor-widget elementor-widget-heading\" data-id=\"27d3bb2b\" data-element_type=\"widget\" id=\"politicaDeConfidentialitate\" data-widget_type=\"heading.default\">\n\t\t\t\t<div class=\"elementor-widget-container\">\n\t\t\t<p class=\"elementor-heading-title elementor-size-default\">What are cookies?<\/p>\t\t<\/div>\n\t\t\t\t<\/div>\n\t\t\t\t<div class=\"elementor-element elementor-element-2285936d elementor-widget elementor-widget-text-editor\" data-id=\"2285936d\" data-element_type=\"widget\" data-widget_type=\"text-editor.default\">\n\t\t\t\t<div class=\"elementor-widget-container\">\n\t\t\t\t\t\t\t<p>We use the term \"cookies\" to refer to cookies and similar technologies through which information can be collected automatically.<\/p><p>An \"Internet Cookie\" (term also known as \"browser cookie\" or \"HTTP cookie\" or \"cookie\") represents a small file, consisting of letters and numbers, which will be stored on the computer, mobile terminal or other equipment of a user through which the Internet is accessed.<\/p><p>Cookies are installed by the request issued by a web server to a browser (eg: Internet Explorer, Firefox, Chrome, Edge). Cookies, once installed, have a determined lifetime, remaining \"passive\", in the sense that they do not contain software programs, viruses or spyware and will not access the information on the user's hard drive on whose equipment they were installed.<\/p><p>A cookie consists of two parts: the name of the cookie and the content or value of the cookie.<\/p><p>Technically, only the web server that sent the cookie can access it again when a user returns to the web page associated with that server.<\/p>\t\t\t\t\t\t<\/div>\n\t\t\t\t<\/div>\n\t\t\t\t<div class=\"elementor-element elementor-element-55a5f07e elementor-widget elementor-widget-heading\" data-id=\"55a5f07e\" data-element_type=\"widget\" data-widget_type=\"heading.default\">\n\t\t\t\t<div class=\"elementor-widget-container\">\n\t\t\t<p class=\"elementor-heading-title elementor-size-default\">For what purposes are cookies used through this website:<\/p>\t\t<\/div>\n\t\t\t\t<\/div>\n\t\t\t\t<div class=\"elementor-element elementor-element-1f80d8f7 elementor-widget elementor-widget-text-editor\" data-id=\"1f80d8f7\" data-element_type=\"widget\" data-widget_type=\"text-editor.default\">\n\t\t\t\t<div class=\"elementor-widget-container\">\n\t\t\t\t\t\t\t<p>Cookies are used to provide users of this website with a better browsing experience and services adapted to the needs and interests of each individual user, namely for:<\/p><ul><li>improving the use of this website, including by identifying any errors that occur while visiting\/using it by users;<\/li><li>providing anonymous statistics on how this website is used to VIDRA HOME CA SRL, as the owner of this website;<\/li><li>the anticipation of possible goods that will be made available to users through this website in the future, depending on the services \/ products accessed.<\/li><\/ul><p>Based on the feedback sent through cookies in relation to how this website is used, VIDRA HOME CA SRL can adopt measures to make this website more efficient and accessible for users.<\/p>\t\t\t\t\t\t<\/div>\n\t\t\t\t<\/div>\n\t\t\t\t<div class=\"elementor-element elementor-element-17e7b531 elementor-widget elementor-widget-heading\" data-id=\"17e7b531\" data-element_type=\"widget\" data-widget_type=\"heading.default\">\n\t\t\t\t<div class=\"elementor-widget-container\">\n\t\t\t<p class=\"elementor-heading-title elementor-size-default\">What is the lifespan of cookies?<\/p>\t\t<\/div>\n\t\t\t\t<\/div>\n\t\t\t\t<div class=\"elementor-element elementor-element-6156192 elementor-widget elementor-widget-text-editor\" data-id=\"6156192\" data-element_type=\"widget\" data-widget_type=\"text-editor.default\">\n\t\t\t\t<div class=\"elementor-widget-container\">\n\t\t\t\t\t\t\t<p>The lifetime of cookies can vary significantly, depending on the purpose for which it is placed. There are the following categories of cookies that also determine their lifetime:<\/p><ul><li><strong>Session cookies<\/strong>\u00a0\u2013 A \"session cookie\" is a cookie that is automatically deleted when the user closes their browser.<\/li><li><strong>Persistent or fixed cookies<\/strong>\u00a0\u2013 A \"persistent\" or \"fixed\" cookie is a cookie that remains stored in the user's terminal until it reaches a certain expiration date (which can be in a few minutes, days or several years in the future) or until it is deleted by the user at any time via your browser settings.<\/li><\/ul>\t\t\t\t\t\t<\/div>\n\t\t\t\t<\/div>\n\t\t\t\t<div class=\"elementor-element elementor-element-45ee0d63 elementor-widget elementor-widget-heading\" data-id=\"45ee0d63\" data-element_type=\"widget\" data-widget_type=\"heading.default\">\n\t\t\t\t<div class=\"elementor-widget-container\">\n\t\t\t<p class=\"elementor-heading-title elementor-size-default\">What are cookies placed by third parties?<\/p>\t\t<\/div>\n\t\t\t\t<\/div>\n\t\t\t\t<div class=\"elementor-element elementor-element-4fbd2d6c elementor-widget elementor-widget-text-editor\" data-id=\"4fbd2d6c\" data-element_type=\"widget\" data-widget_type=\"text-editor.default\">\n\t\t\t\t<div class=\"elementor-widget-container\">\n\t\t\t\t\t\t\tCertain sections of content on the website may be provided by third parties, i.e. not by VIDRA HOME CA SRL, in which case these cookies are called cookies placed by third parties (\"third party cookies\"). Third-party cookie providers must also comply with data protection rules and <span style=\"text-decoration: underline;\"><a class=\"link\" href=\"https:\/\/argentinavidrascu.com\/en\/politica-de-confidentialitate\/\">Privacy policy<\/a><\/span>. Aceste cookie-uri pot proveni de la urmatorii ter\u021bi: Google Analytics, Facebook.\t\t\t\t\t\t<\/div>\n\t\t\t\t<\/div>\n\t\t\t\t<div class=\"elementor-element elementor-element-24f87698 elementor-widget elementor-widget-heading\" data-id=\"24f87698\" data-element_type=\"widget\" data-widget_type=\"heading.default\">\n\t\t\t\t<div class=\"elementor-widget-container\">\n\t\t\t<p class=\"elementor-heading-title elementor-size-default\">What cookies are used through this website:<\/p>\t\t<\/div>\n\t\t\t\t<\/div>\n\t\t\t\t<div class=\"elementor-element elementor-element-77bcaae7 elementor-widget elementor-widget-text-editor\" data-id=\"77bcaae7\" data-element_type=\"widget\" data-widget_type=\"text-editor.default\">\n\t\t\t\t<div class=\"elementor-widget-container\">\n\t\t\t\t\t\t\t<p>By using\/visiting the website, the following cookies can be placed:<\/p><p><strong>Performance cookies<br \/><\/strong>With this type of cookies, the preferences of the user of this website are saved, so that setting the preferences again in the case of a subsequent visit to the website is no longer necessary.<\/p><p><strong>User analysis cookies<br \/><\/strong>These cookies inform us if a particular website user has visited\/used this website before. These cookies are used for statistical purposes only.<\/p><p><strong>What type of information is stored and accessed through cookies?<\/strong><\/p><p>Cookies store information in a small text file that allows the browser to be recognized. This website recognizes the browser until the cookies expire or are deleted.<\/p>\t\t\t\t\t\t<\/div>\n\t\t\t\t<\/div>\n\t\t\t\t<div class=\"elementor-element elementor-element-247f4631 elementor-widget elementor-widget-heading\" data-id=\"247f4631\" data-element_type=\"widget\" data-widget_type=\"heading.default\">\n\t\t\t\t<div class=\"elementor-widget-container\">\n\t\t\t<p class=\"elementor-heading-title elementor-size-default\">Customizing your browser settings regarding cookies<\/p>\t\t<\/div>\n\t\t\t\t<\/div>\n\t\t\t\t<div class=\"elementor-element elementor-element-34b3b8c3 elementor-widget elementor-widget-text-editor\" data-id=\"34b3b8c3\" data-element_type=\"widget\" data-widget_type=\"text-editor.default\">\n\t\t\t\t<div class=\"elementor-widget-container\">\n\t\t\t\t\t\t\t<p>If the use of cookies is not bothersome and the computer or technical equipment used to browse this website is used only by you, long expiration periods can be set for storing the browsing history.<br \/>If the computer or technical equipment used to browse this website is used by several people, the setting to delete individual browsing data each time the browser is closed can be considered.<\/p>\t\t\t\t\t\t<\/div>\n\t\t\t\t<\/div>\n\t\t\t\t<div class=\"elementor-element elementor-element-f86a022 elementor-widget elementor-widget-heading\" data-id=\"f86a022\" data-element_type=\"widget\" data-widget_type=\"heading.default\">\n\t\t\t\t<div class=\"elementor-widget-container\">\n\t\t\t<p class=\"elementor-heading-title elementor-size-default\">How can cookies be turned off?<\/p>\t\t<\/div>\n\t\t\t\t<\/div>\n\t\t\t\t<div class=\"elementor-element elementor-element-f8217e6 elementor-widget elementor-widget-text-editor\" data-id=\"f8217e6\" data-element_type=\"widget\" data-widget_type=\"text-editor.default\">\n\t\t\t\t<div class=\"elementor-widget-container\">\n\t\t\t\t\t\t\t<p>Disabling and refusing to receive cookies can make this website difficult to visit, leading to limitations in its usability.<br \/>Users can configure their browser to reject cookies or to accept cookies from a specific web page.<br \/>All modern browsers offer the possibility to change cookie settings. These settings can be accessed, as a rule, in the \"options\" section or in the \"preferences\" menu of your browser.<br \/>However, refusing or deactivating cookies does not mean that you will no longer receive online advertising - only that it will not be adapted to your preferences and interests, highlighted by your browsing behavior.<\/p><p>To understand these settings, the following links may be useful:<\/p><p>Cookie settings in Internet Explorer<br \/>https:\/\/support.microsoft.com\/en-us\/help\/17442\/windows-internet-explorer-delete-manage-cookies<\/p><p>Cookie settings in Firefox<br \/>https:\/\/support.mozilla.org\/en-US\/kb\/enable-and-disable-cookies-website-preferences<\/p><p>Cookie settings in Chrome<br \/>https:\/\/support.google.com\/chrome\/answer\/95647<\/p><p>Cookie settings in Safari<br \/>https:\/\/support.apple.com\/kb\/ph21411<\/p><p>Cookie settings in Edge<br \/>https:\/\/privacy.microsoft.com\/en-us\/windows-10-microsoft-edge-and-privacy<\/p><p>For any additional questions about how cookies are used through this website, please contact: <a class=\"link\" href=\"mailto:doctorvidrascu@gmail.com\">doctorvidrascu@gmail.com<\/a>.<\/p>\t\t\t\t\t\t<\/div>\n\t\t\t\t<\/div>\n\t\t\t\t\t<\/div>\n\t\t<\/div>\n\t\t\t\t\t\t\t<\/div>\n\t\t<\/section>\n\t\t\t\t\t\t\t<\/div>","protected":false},"excerpt":{"rendered":"<p>Politica privind fi\u0219ierele cookie Ultima actualizare: mai 2018 Introducere Prezenta Politic\u0103 privind fi\u0219ierele cookies se aplic\u0103 tuturor utilizatorilor paginii de internet argentinavidrascu.com. Informa\u021biile prezentate \u00een continuare au ca scop informarea utilizatorilor acestei pagini de internet cu privire la plasarea, utilizarea \u0219i administrarea cookie-urilor de c\u0103tre VIDRA HOME CA SRL \u00een contextul navig\u0103rii utilizatorilor pe aceast\u0103 [&hellip;]<\/p>","protected":false},"author":2,"featured_media":0,"parent":0,"menu_order":0,"comment_status":"closed","ping_status":"closed","template":"","meta":{"footnotes":""},"yoast_head":"<!-- This site is optimized with the Yoast SEO plugin v21.6 - https:\/\/yoast.com\/wordpress\/plugins\/seo\/ -->\n<title>Politica cookies - Dr. Argentina Vidra\u015fcu - Rinoplastie Cluj<\/title>\n<meta name=\"robots\" content=\"index, follow, max-snippet:-1, max-image-preview:large, max-video-preview:-1\" \/>\n<link rel=\"canonical\" href=\"https:\/\/argentinavidrascu.com\/en\/politica-cookies\/\" \/>\n<meta property=\"og:locale\" content=\"en_US\" \/>\n<meta property=\"og:type\" content=\"article\" \/>\n<meta property=\"og:title\" content=\"Politica cookies - Dr. Argentina Vidra\u015fcu - Rinoplastie Cluj\" \/>\n<meta property=\"og:description\" content=\"Politica privind fi\u0219ierele cookie Ultima actualizare: mai 2018 Introducere Prezenta Politic\u0103 privind fi\u0219ierele cookies se aplic\u0103 tuturor utilizatorilor paginii de internet argentinavidrascu.com. Informa\u021biile prezentate \u00een continuare au ca scop informarea utilizatorilor acestei pagini de internet cu privire la plasarea, utilizarea \u0219i administrarea cookie-urilor de c\u0103tre VIDRA HOME CA SRL \u00een contextul navig\u0103rii utilizatorilor pe aceast\u0103 [&hellip;]\" \/>\n<meta property=\"og:url\" content=\"https:\/\/argentinavidrascu.com\/en\/politica-cookies\/\" \/>\n<meta property=\"og:site_name\" content=\"Dr. Argentina Vidra\u015fcu - Rinoplastie Cluj\" \/>\n<meta property=\"article:modified_time\" content=\"2023-09-25T21:20:03+00:00\" \/>\n<meta name=\"twitter:card\" content=\"summary_large_image\" \/>\n<meta name=\"twitter:label1\" content=\"Est. reading time\" \/>\n\t<meta name=\"twitter:data1\" content=\"5 minutes\" \/>\n<script type=\"application\/ld+json\" class=\"yoast-schema-graph\">{\"@context\":\"https:\/\/schema.org\",\"@graph\":[{\"@type\":\"WebPage\",\"@id\":\"https:\/\/argentinavidrascu.com\/politica-cookies\/\",\"url\":\"https:\/\/argentinavidrascu.com\/politica-cookies\/\",\"name\":\"Politica cookies - Dr. Argentina Vidra\u015fcu - Rinoplastie Cluj\",\"isPartOf\":{\"@id\":\"https:\/\/argentinavidrascu.com\/#website\"},\"datePublished\":\"2023-09-25T19:58:33+00:00\",\"dateModified\":\"2023-09-25T21:20:03+00:00\",\"breadcrumb\":{\"@id\":\"https:\/\/argentinavidrascu.com\/politica-cookies\/#breadcrumb\"},\"inLanguage\":\"en-US\",\"potentialAction\":[{\"@type\":\"ReadAction\",\"target\":[\"https:\/\/argentinavidrascu.com\/politica-cookies\/\"]}]},{\"@type\":\"BreadcrumbList\",\"@id\":\"https:\/\/argentinavidrascu.com\/politica-cookies\/#breadcrumb\",\"itemListElement\":[{\"@type\":\"ListItem\",\"position\":1,\"name\":\"Home\",\"item\":\"https:\/\/argentinavidrascu.com\/\"},{\"@type\":\"ListItem\",\"position\":2,\"name\":\"Politica cookies\"}]},{\"@type\":\"WebSite\",\"@id\":\"https:\/\/argentinavidrascu.com\/#website\",\"url\":\"https:\/\/argentinavidrascu.com\/\",\"name\":\"Dr. Argentina Vidra\u015fcu - Rinoplastie Cluj\",\"description\":\"\",\"publisher\":{\"@id\":\"https:\/\/argentinavidrascu.com\/#organization\"},\"potentialAction\":[{\"@type\":\"SearchAction\",\"target\":{\"@type\":\"EntryPoint\",\"urlTemplate\":\"https:\/\/argentinavidrascu.com\/?s={search_term_string}\"},\"query-input\":\"required name=search_term_string\"}],\"inLanguage\":\"en-US\"},{\"@type\":\"Organization\",\"@id\":\"https:\/\/argentinavidrascu.com\/#organization\",\"name\":\"Dr. Argentina Vidra\u015fcu - Rinoplastie Cluj\",\"url\":\"https:\/\/argentinavidrascu.com\/\",\"logo\":{\"@type\":\"ImageObject\",\"inLanguage\":\"en-US\",\"@id\":\"https:\/\/argentinavidrascu.com\/#\/schema\/logo\/image\/\",\"url\":\"https:\/\/argentinavidrascu.com\/wp-content\/uploads\/2023\/09\/Dr-Argebtina-Vidrascu-Logo.png\",\"contentUrl\":\"https:\/\/argentinavidrascu.com\/wp-content\/uploads\/2023\/09\/Dr-Argebtina-Vidrascu-Logo.png\",\"width\":1050,\"height\":104,\"caption\":\"Dr. Argentina Vidra\u015fcu - Rinoplastie Cluj\"},\"image\":{\"@id\":\"https:\/\/argentinavidrascu.com\/#\/schema\/logo\/image\/\"}}]}<\/script>\n<!-- \/ Yoast SEO plugin. -->","yoast_head_json":{"title":"Politica cookies - Dr. Argentina Vidra\u015fcu - Rinoplastie Cluj","robots":{"index":"index","follow":"follow","max-snippet":"max-snippet:-1","max-image-preview":"max-image-preview:large","max-video-preview":"max-video-preview:-1"},"canonical":"https:\/\/argentinavidrascu.com\/en\/politica-cookies\/","og_locale":"en_US","og_type":"article","og_title":"Politica cookies - Dr. Argentina Vidra\u015fcu - Rinoplastie Cluj","og_description":"Politica privind fi\u0219ierele cookie Ultima actualizare: mai 2018 Introducere Prezenta Politic\u0103 privind fi\u0219ierele cookies se aplic\u0103 tuturor utilizatorilor paginii de internet argentinavidrascu.com. Informa\u021biile prezentate \u00een continuare au ca scop informarea utilizatorilor acestei pagini de internet cu privire la plasarea, utilizarea \u0219i administrarea cookie-urilor de c\u0103tre VIDRA HOME CA SRL \u00een contextul navig\u0103rii utilizatorilor pe aceast\u0103 [&hellip;]","og_url":"https:\/\/argentinavidrascu.com\/en\/politica-cookies\/","og_site_name":"Dr. Argentina Vidra\u015fcu - Rinoplastie Cluj","article_modified_time":"2023-09-25T21:20:03+00:00","twitter_card":"summary_large_image","twitter_misc":{"Est. reading time":"5 minutes"},"schema":{"@context":"https:\/\/schema.org","@graph":[{"@type":"WebPage","@id":"https:\/\/argentinavidrascu.com\/politica-cookies\/","url":"https:\/\/argentinavidrascu.com\/politica-cookies\/","name":"Politica cookies - Dr. Argentina Vidra\u015fcu - Rinoplastie Cluj","isPartOf":{"@id":"https:\/\/argentinavidrascu.com\/#website"},"datePublished":"2023-09-25T19:58:33+00:00","dateModified":"2023-09-25T21:20:03+00:00","breadcrumb":{"@id":"https:\/\/argentinavidrascu.com\/politica-cookies\/#breadcrumb"},"inLanguage":"en-US","potentialAction":[{"@type":"ReadAction","target":["https:\/\/argentinavidrascu.com\/politica-cookies\/"]}]},{"@type":"BreadcrumbList","@id":"https:\/\/argentinavidrascu.com\/politica-cookies\/#breadcrumb","itemListElement":[{"@type":"ListItem","position":1,"name":"Home","item":"https:\/\/argentinavidrascu.com\/"},{"@type":"ListItem","position":2,"name":"Politica cookies"}]},{"@type":"WebSite","@id":"https:\/\/argentinavidrascu.com\/#website","url":"https:\/\/argentinavidrascu.com\/","name":"Dr. Argentina Vidra\u015fcu - Rinoplastie Cluj","description":"","publisher":{"@id":"https:\/\/argentinavidrascu.com\/#organization"},"potentialAction":[{"@type":"SearchAction","target":{"@type":"EntryPoint","urlTemplate":"https:\/\/argentinavidrascu.com\/?s={search_term_string}"},"query-input":"required name=search_term_string"}],"inLanguage":"en-US"},{"@type":"Organization","@id":"https:\/\/argentinavidrascu.com\/#organization","name":"Dr. Argentina Vidra\u015fcu - Rinoplastie Cluj","url":"https:\/\/argentinavidrascu.com\/","logo":{"@type":"ImageObject","inLanguage":"en-US","@id":"https:\/\/argentinavidrascu.com\/#\/schema\/logo\/image\/","url":"https:\/\/argentinavidrascu.com\/wp-content\/uploads\/2023\/09\/Dr-Argebtina-Vidrascu-Logo.png","contentUrl":"https:\/\/argentinavidrascu.com\/wp-content\/uploads\/2023\/09\/Dr-Argebtina-Vidrascu-Logo.png","width":1050,"height":104,"caption":"Dr. Argentina Vidra\u015fcu - Rinoplastie Cluj"},"image":{"@id":"https:\/\/argentinavidrascu.com\/#\/schema\/logo\/image\/"}}]}},"_links":{"self":[{"href":"https:\/\/argentinavidrascu.com\/en\/wp-json\/wp\/v2\/pages\/1520"}],"collection":[{"href":"https:\/\/argentinavidrascu.com\/en\/wp-json\/wp\/v2\/pages"}],"about":[{"href":"https:\/\/argentinavidrascu.com\/en\/wp-json\/wp\/v2\/types\/page"}],"author":[{"embeddable":true,"href":"https:\/\/argentinavidrascu.com\/en\/wp-json\/wp\/v2\/users\/2"}],"replies":[{"embeddable":true,"href":"https:\/\/argentinavidrascu.com\/en\/wp-json\/wp\/v2\/comments?post=1520"}],"version-history":[{"count":0,"href":"https:\/\/argentinavidrascu.com\/en\/wp-json\/wp\/v2\/pages\/1520\/revisions"}],"wp:attachment":[{"href":"https:\/\/argentinavidrascu.com\/en\/wp-json\/wp\/v2\/media?parent=1520"}],"curies":[{"name":"wp","href":"https:\/\/api.w.org\/{rel}","templated":true}]}}