{"id":1505,"date":"2023-09-25T22:46:59","date_gmt":"2023-09-25T19:46:59","guid":{"rendered":"https:\/\/argentinavidrascu.com\/?page_id=1505"},"modified":"2023-09-26T00:19:04","modified_gmt":"2023-09-25T21:19:04","slug":"politica-de-confidentialitate","status":"publish","type":"page","link":"https:\/\/argentinavidrascu.com\/en\/politica-de-confidentialitate\/","title":{"rendered":"Privacy policy"},"content":{"rendered":"<div data-elementor-type=\"wp-page\" data-elementor-id=\"1505\" class=\"elementor elementor-1505\" data-elementor-post-type=\"page\">\n\t\t\t\t\t\t\t\t\t<section class=\"elementor-section elementor-top-section elementor-element elementor-element-66e266bd elementor-section-boxed elementor-section-height-default elementor-section-height-default\" data-id=\"66e266bd\" data-element_type=\"section\">\n\t\t\t\t\t\t<div class=\"elementor-container elementor-column-gap-default\">\n\t\t\t\t\t<div class=\"elementor-column elementor-col-100 elementor-top-column elementor-element elementor-element-59024910\" data-id=\"59024910\" data-element_type=\"column\">\n\t\t\t<div class=\"elementor-widget-wrap elementor-element-populated\">\n\t\t\t\t\t\t\t\t<div class=\"elementor-element elementor-element-18af7c8d elementor-widget elementor-widget-heading\" data-id=\"18af7c8d\" data-element_type=\"widget\" data-widget_type=\"heading.default\">\n\t\t\t\t<div class=\"elementor-widget-container\">\n\t\t\t<style>\/*! elementor - v3.16.0 - 20-09-2023 *\/\n.elementor-heading-title{padding:0;margin:0;line-height:1}.elementor-widget-heading .elementor-heading-title[class*=elementor-size-]>a{color:inherit;font-size:inherit;line-height:inherit}.elementor-widget-heading .elementor-heading-title.elementor-size-small{font-size:15px}.elementor-widget-heading .elementor-heading-title.elementor-size-medium{font-size:19px}.elementor-widget-heading .elementor-heading-title.elementor-size-large{font-size:29px}.elementor-widget-heading .elementor-heading-title.elementor-size-xl{font-size:39px}.elementor-widget-heading .elementor-heading-title.elementor-size-xxl{font-size:59px}<\/style><h1 class=\"elementor-heading-title elementor-size-default\">Privacy policy<h1 style=\"display: var(--page-title-display); margin-inline: auto; width: 1140px; max-width: 1140px; text-align: start; white-space-collapse: collapse;\"><\/h1><\/h1>\t\t<\/div>\n\t\t\t\t<\/div>\n\t\t\t\t<div class=\"elementor-element elementor-element-50357558 elementor-widget elementor-widget-heading\" data-id=\"50357558\" data-element_type=\"widget\" data-widget_type=\"heading.default\">\n\t\t\t\t<div class=\"elementor-widget-container\">\n\t\t\t<p class=\"elementor-heading-title elementor-size-default\">Last updated: May 2018<\/p>\t\t<\/div>\n\t\t\t\t<\/div>\n\t\t\t\t\t<\/div>\n\t\t<\/div>\n\t\t\t\t\t\t\t<\/div>\n\t\t<\/section>\n\t\t\t\t<section class=\"elementor-section elementor-top-section elementor-element elementor-element-62dc257f elementor-section-boxed elementor-section-height-default elementor-section-height-default\" data-id=\"62dc257f\" data-element_type=\"section\">\n\t\t\t\t\t\t<div class=\"elementor-container elementor-column-gap-default\">\n\t\t\t\t\t<div class=\"elementor-column elementor-col-100 elementor-top-column elementor-element elementor-element-5cad36d0\" data-id=\"5cad36d0\" data-element_type=\"column\">\n\t\t\t<div class=\"elementor-widget-wrap elementor-element-populated\">\n\t\t\t\t\t\t\t\t<div class=\"elementor-element elementor-element-1be92562 elementor-widget elementor-widget-heading\" data-id=\"1be92562\" data-element_type=\"widget\" id=\"dateleCompaniei\" data-widget_type=\"heading.default\">\n\t\t\t\t<div class=\"elementor-widget-container\">\n\t\t\t<p class=\"elementor-heading-title elementor-size-default\">General information<\/p>\t\t<\/div>\n\t\t\t\t<\/div>\n\t\t\t\t<div class=\"elementor-element elementor-element-39fc762b elementor-widget elementor-widget-text-editor\" data-id=\"39fc762b\" data-element_type=\"widget\" data-widget_type=\"text-editor.default\">\n\t\t\t\t<div class=\"elementor-widget-container\">\n\t\t\t<style>\/*! elementor - v3.16.0 - 20-09-2023 *\/\n.elementor-widget-text-editor.elementor-drop-cap-view-stacked .elementor-drop-cap{background-color:#69727d;color:#fff}.elementor-widget-text-editor.elementor-drop-cap-view-framed .elementor-drop-cap{color:#69727d;border:3px solid;background-color:transparent}.elementor-widget-text-editor:not(.elementor-drop-cap-view-default) .elementor-drop-cap{margin-top:8px}.elementor-widget-text-editor:not(.elementor-drop-cap-view-default) .elementor-drop-cap-letter{width:1em;height:1em}.elementor-widget-text-editor .elementor-drop-cap{float:left;text-align:center;line-height:1;font-size:50px}.elementor-widget-text-editor .elementor-drop-cap-letter{display:inline-block}<\/style>\t\t\t\t<p>The confidentiality of your personal data is one of the main concerns of VIDRA HOME CA SRL, based in Cluj Napoca, as a data operator.<br \/>This document is intended to inform you about the processing of your personal data, in the context of using the argentinavidrascu.com website (the website).<\/p>\t\t\t\t\t\t<\/div>\n\t\t\t\t<\/div>\n\t\t\t\t<div class=\"elementor-element elementor-element-6951608 elementor-widget elementor-widget-heading\" data-id=\"6951608\" data-element_type=\"widget\" id=\"politicaDeConfidentialitate\" data-widget_type=\"heading.default\">\n\t\t\t\t<div class=\"elementor-widget-container\">\n\t\t\t<p class=\"elementor-heading-title elementor-size-default\">Categories of personal data processed<\/p>\t\t<\/div>\n\t\t\t\t<\/div>\n\t\t\t\t<div class=\"elementor-element elementor-element-20b1ec88 elementor-widget elementor-widget-text-editor\" data-id=\"20b1ec88\" data-element_type=\"widget\" data-widget_type=\"text-editor.default\">\n\t\t\t\t<div class=\"elementor-widget-container\">\n\t\t\t\t\t\t\t<p>If you are a visitor to the Site, VIDRA HOME CA SRL will process your personal data that you provide directly in the context of using the Site, such as the data that you provide in the contact \/ questions \/ complaints section , to the extent that you contact us in this way.<\/p>\t\t\t\t\t\t<\/div>\n\t\t\t\t<\/div>\n\t\t\t\t<div class=\"elementor-element elementor-element-2a0a85e elementor-widget elementor-widget-heading\" data-id=\"2a0a85e\" data-element_type=\"widget\" data-widget_type=\"heading.default\">\n\t\t\t\t<div class=\"elementor-widget-container\">\n\t\t\t<p class=\"elementor-heading-title elementor-size-default\">Purposes and grounds of data processing<\/p>\t\t<\/div>\n\t\t\t\t<\/div>\n\t\t\t\t<div class=\"elementor-element elementor-element-1ad1b596 elementor-widget elementor-widget-text-editor\" data-id=\"1ad1b596\" data-element_type=\"widget\" data-widget_type=\"text-editor.default\">\n\t\t\t\t<div class=\"elementor-widget-container\">\n\t\t\t\t\t\t\t<p>If you are a visitor to the Website, VIDRA HOME CA SRL processes your personal data as follows:<\/p><ul><li>for marketing activities, respectively for the transmission, by means of remote communication means (e-mail, sms), of commercial communications regarding the products and services offered by VIDRA HOME CA SRL, through the Website.<br \/>Basis: The processing of your data for this purpose is based on your consent, if you choose to provide it.<\/li><\/ul><p>You can express your consent to the processing of data for this purpose by completing and checking the appropriate box in the form for subscribing to the newsletter available on the Site. To unsubscribe from receiving such commercial communications, you can use the option at the end of each e-mail\/sms containing commercial communications.<\/p><p>Providing your data for this purpose is voluntary. The refusal to provide consent for the processing of your data for this purpose will not have negative consequences for you.<\/p><ul><li>to resolve complaints, complaints and to monitor traffic and improve your experience on the Site.<br \/>Basis: The processing of your data for this purpose is based on the legitimate interest of VIDRA HOME CA SRL to ensure the correct functioning of the Site, as well as to permanently improve the experience of the Site's visitors, including by solving various comments, questions or complaints.<\/li><\/ul><p>\u00a0<\/p><p>Providing your data for this purpose is voluntary. Refusal to provide data for this purpose will have no negative consequences for you.<\/p>\t\t\t\t\t\t<\/div>\n\t\t\t\t<\/div>\n\t\t\t\t<div class=\"elementor-element elementor-element-6bb8fe5f elementor-widget elementor-widget-heading\" data-id=\"6bb8fe5f\" data-element_type=\"widget\" data-widget_type=\"heading.default\">\n\t\t\t\t<div class=\"elementor-widget-container\">\n\t\t\t<p class=\"elementor-heading-title elementor-size-default\">The duration for which we process your data<\/p>\t\t<\/div>\n\t\t\t\t<\/div>\n\t\t\t\t<div class=\"elementor-element elementor-element-2a9964b2 elementor-widget elementor-widget-text-editor\" data-id=\"2a9964b2\" data-element_type=\"widget\" data-widget_type=\"text-editor.default\">\n\t\t\t\t<div class=\"elementor-widget-container\">\n\t\t\t\t\t\t\t<p>As a principle, VIDRA HOME CA SRL will process your personal data as much as is necessary to achieve the processing purposes mentioned above.<\/p>\t\t\t\t\t\t<\/div>\n\t\t\t\t<\/div>\n\t\t\t\t<div class=\"elementor-element elementor-element-3bd9878 elementor-widget elementor-widget-heading\" data-id=\"3bd9878\" data-element_type=\"widget\" data-widget_type=\"heading.default\">\n\t\t\t\t<div class=\"elementor-widget-container\">\n\t\t\t<p class=\"elementor-heading-title elementor-size-default\">Disclosure of personal data<\/p>\t\t<\/div>\n\t\t\t\t<\/div>\n\t\t\t\t<div class=\"elementor-element elementor-element-fc0abc0 elementor-widget elementor-widget-text-editor\" data-id=\"fc0abc0\" data-element_type=\"widget\" data-widget_type=\"text-editor.default\">\n\t\t\t\t<div class=\"elementor-widget-container\">\n\t\t\t\t\t\t\t<p>In order to fulfill the processing purposes, VIDRA HOME CA SRL may disclose your data to partners, to third parties or entities that support VIDRA HOME CA SRL in carrying out its activity through the Site (for example, courier companies, IT service providers), or to the central\/local public authorities, in the following exemplary cases listed:<\/p><ul><li>for the administration of the Site;<\/li><li>in situations where this communication would be necessary for the awarding of prizes or other facilities to the persons concerned, obtained as a result of their participation in various promotional campaigns organized by VIDRA HOME CA SRL through the Site;<\/li><li>to maintain, customize and improve the Site and the services provided through it;<\/li><li>to perform data analysis, testing and research, monitor usage and activity trends, develop security features and authenticate users;<\/li><li>for the transmission of commercial marketing communications, under the conditions and limits provided by law;<\/li><li>when the disclosure of personal data is provided by law, etc.<\/li><\/ul>\t\t\t\t\t\t<\/div>\n\t\t\t\t<\/div>\n\t\t\t\t<div class=\"elementor-element elementor-element-4496e1c1 elementor-widget elementor-widget-heading\" data-id=\"4496e1c1\" data-element_type=\"widget\" data-widget_type=\"heading.default\">\n\t\t\t\t<div class=\"elementor-widget-container\">\n\t\t\t<p class=\"elementor-heading-title elementor-size-default\">Transfer of personal data<\/p>\t\t<\/div>\n\t\t\t\t<\/div>\n\t\t\t\t<div class=\"elementor-element elementor-element-6e0cc181 elementor-widget elementor-widget-text-editor\" data-id=\"6e0cc181\" data-element_type=\"widget\" data-widget_type=\"text-editor.default\">\n\t\t\t\t<div class=\"elementor-widget-container\">\n\t\t\t\t\t\t\t<p>The personal data provided to VIDRA HOME CA SRL can be transferred outside of Romania, but only to countries in the European Union.<\/p>\t\t\t\t\t\t<\/div>\n\t\t\t\t<\/div>\n\t\t\t\t<div class=\"elementor-element elementor-element-27f45e09 elementor-widget elementor-widget-heading\" data-id=\"27f45e09\" data-element_type=\"widget\" data-widget_type=\"heading.default\">\n\t\t\t\t<div class=\"elementor-widget-container\">\n\t\t\t<p class=\"elementor-heading-title elementor-size-default\">Your rights<\/p>\t\t<\/div>\n\t\t\t\t<\/div>\n\t\t\t\t<div class=\"elementor-element elementor-element-51a3c0d1 elementor-widget elementor-widget-text-editor\" data-id=\"51a3c0d1\" data-element_type=\"widget\" data-widget_type=\"text-editor.default\">\n\t\t\t\t<div class=\"elementor-widget-container\">\n\t\t\t\t\t\t\tUnder the conditions provided by the legislation on the processing of personal data, as data subjects, you benefit from the following rights:\n<ul>\n \t<li>the right to information, respectively the right to receive details regarding the processing activities carried out by VIDRA HOME CA SRL, according to what is described in this document;<\/li>\n \t<li>the right to access the data, respectively the right to obtain confirmation from VIDRA HOME CA SRL regarding the processing of personal data, as well as details regarding the processing activities such as the manner in which the data are processed, the purpose for which the processing is done, the recipients or categories of data recipients, etc.;<\/li>\n \t<li>the right to rectification, respectively the right to obtain the correction, without justified delay, by VIDRA HOME CA SRL of inaccurate\/unjustified personal data, as well as the completion of incomplete data; The correction\/completion will be communicated to each recipient to whom the data were sent, unless this proves impossible or involves disproportionate efforts.<\/li>\n \t<li>the right to delete data, without undue delay, (\"the right to be forgotten\"), if one of the following reasons applies:\n<ul>\n \t<li>they are no longer necessary to fulfill the purposes for which they were collected or processed;<\/li>\n \t<li>if consent is withdrawn and there is no other legal basis for processing;<\/li>\n \t<li>if the data subject objects to the processing and there are no overriding legitimate reasons;<\/li>\n \t<li>if the personal data were processed illegally;<\/li>\n \t<li>if personal data must be deleted to comply with a legal obligation;<\/li>\n \t<li>personal data were collected in connection with the provision of information society services according to Union law or internal law under which the operator is subject.<\/li>\n<\/ul>\n<\/li>\n<\/ul>\nIt is possible that, following the data deletion request, VIDRA HOME CA SRL will anonymize these data (thus depriving them of their personal character) and continue processing for statistical purposes under these conditions;\n<ul>\n \t<li>the right to restrict processing to the extent that:\n<ul>\n \t<li>the person contests the accuracy of the data, for a period that allows us to verify the correctness of the data;<\/li>\n \t<li>the processing is illegal and the data subject opposes the deletion of personal data, requesting instead the restriction of their use;<\/li>\n \t<li>the operator no longer needs the personal data for the purpose of processing, but the data subject requests them for establishing, exercising or defending a right in court; or<\/li>\n \t<li>the data subject has objected to the processing (other than those for direct marketing), for the time interval in which it is verified whether the legitimate rights of the operator prevail over those of the data subject.<\/li>\n<\/ul>\n<\/li>\n \t<li>the right to data portability, namely (i) the right to receive personal data in a structured way, commonly used and in an easy-to-read format, as well as (ii) the right to have this data transmitted by VIDRA HOME CA SRL to another data operator, to the extent that the conditions stipulated by law are met;<\/li>\n \t<li>the right to opposition \u2013 regarding processing activities can be exercised by submitting a request as indicated below;\n<ul>\n \t<li>at any time, for reasons related to the particular situation in which the data subject is, that the data concerning him\/her be processed on the basis of the legitimate interest of VIDRA HOME CA SRL or on the basis of the public interest, except in cases where VIDRA HOME CA SRL can demonstrate that it has legitimate and compelling reasons that justify the processing and that prevail over the interests, rights and freedoms of the data subjects, or that the purpose is to establish, exercise or defend a right in court;<\/li>\n \t<li>at any time, free of charge and without any justification, that the data concerning it be processed for direct marketing purposes.<\/li>\n<\/ul>\n<\/li>\n \t<li>the right not to be subject to an automated individual decision, i.e. the right not to be the subject of a decision taken solely on the basis of automated processing activities, including the creation of profiles, which produce legal effects concerning the data subject or similarly affect him in -a significant measure;<\/li>\n \t<li>the right to address the National Supervisory Authority for the Processing of Personal Data or the competent courts, to the extent you consider necessary.<\/li>\n<\/ul>\nFor any additional questions regarding how personal data is processed and to exercise your rights mentioned above, please contact the email address: <span style=\"text-decoration: underline;\"><a class=\"link\" href=\"mailto:doctorvidrascu@gmail.com\">doctorvidrascu@gmail.com<\/a><\/span>.\n\nThis website uses cookies. For more information on how these files are used, please go to\u00a0<span style=\"text-decoration: underline;\"><a class=\"link\" href=\"https:\/\/argentinavidrascu.com\/en\/politica-cookies\/\">this link.<\/a><\/span>\t\t\t\t\t\t<\/div>\n\t\t\t\t<\/div>\n\t\t\t\t\t<\/div>\n\t\t<\/div>\n\t\t\t\t\t\t\t<\/div>\n\t\t<\/section>\n\t\t\t\t\t\t\t<\/div>","protected":false},"excerpt":{"rendered":"<p>Politica de confiden\u021bialitate Ultima actualizare: mai 2018 Informa\u021bii generale Confiden\u021bialitatea datelor dumneavoastr\u0103 cu caracter personal reprezint\u0103 una dintre preocup\u0103rile principale ale VIDRA HOME CA SRL, cu sediul \u00een Cluj Napoca, \u00een calitate de operator de date.Acest document are rolul de a v\u0103 informa cu privire la prelucrarea datelor dumneavoastr\u0103 cu caracter personal, \u00een contextul utiliz\u0103rii [&hellip;]<\/p>","protected":false},"author":2,"featured_media":0,"parent":0,"menu_order":0,"comment_status":"closed","ping_status":"closed","template":"","meta":{"footnotes":""},"yoast_head":"<!-- This site is optimized with the Yoast SEO plugin v21.6 - https:\/\/yoast.com\/wordpress\/plugins\/seo\/ -->\n<title>Politica de confiden\u021bialitate - Dr. Argentina Vidra\u015fcu - Rinoplastie Cluj<\/title>\n<meta name=\"robots\" content=\"index, follow, max-snippet:-1, max-image-preview:large, max-video-preview:-1\" \/>\n<link rel=\"canonical\" href=\"https:\/\/argentinavidrascu.com\/en\/politica-de-confidentialitate\/\" \/>\n<meta property=\"og:locale\" content=\"en_US\" \/>\n<meta property=\"og:type\" content=\"article\" \/>\n<meta property=\"og:title\" content=\"Politica de confiden\u021bialitate - Dr. Argentina Vidra\u015fcu - Rinoplastie Cluj\" \/>\n<meta property=\"og:description\" content=\"Politica de confiden\u021bialitate Ultima actualizare: mai 2018 Informa\u021bii generale Confiden\u021bialitatea datelor dumneavoastr\u0103 cu caracter personal reprezint\u0103 una dintre preocup\u0103rile principale ale VIDRA HOME CA SRL, cu sediul \u00een Cluj Napoca, \u00een calitate de operator de date.Acest document are rolul de a v\u0103 informa cu privire la prelucrarea datelor dumneavoastr\u0103 cu caracter personal, \u00een contextul utiliz\u0103rii [&hellip;]\" \/>\n<meta property=\"og:url\" content=\"https:\/\/argentinavidrascu.com\/en\/politica-de-confidentialitate\/\" \/>\n<meta property=\"og:site_name\" content=\"Dr. Argentina Vidra\u015fcu - Rinoplastie Cluj\" \/>\n<meta property=\"article:modified_time\" content=\"2023-09-25T21:19:04+00:00\" \/>\n<meta name=\"twitter:card\" content=\"summary_large_image\" \/>\n<meta name=\"twitter:label1\" content=\"Est. reading time\" \/>\n\t<meta name=\"twitter:data1\" content=\"6 minutes\" \/>\n<script type=\"application\/ld+json\" class=\"yoast-schema-graph\">{\"@context\":\"https:\/\/schema.org\",\"@graph\":[{\"@type\":\"WebPage\",\"@id\":\"https:\/\/argentinavidrascu.com\/politica-de-confidentialitate\/\",\"url\":\"https:\/\/argentinavidrascu.com\/politica-de-confidentialitate\/\",\"name\":\"Politica de confiden\u021bialitate - Dr. Argentina Vidra\u015fcu - Rinoplastie Cluj\",\"isPartOf\":{\"@id\":\"https:\/\/argentinavidrascu.com\/#website\"},\"datePublished\":\"2023-09-25T19:46:59+00:00\",\"dateModified\":\"2023-09-25T21:19:04+00:00\",\"breadcrumb\":{\"@id\":\"https:\/\/argentinavidrascu.com\/politica-de-confidentialitate\/#breadcrumb\"},\"inLanguage\":\"en-US\",\"potentialAction\":[{\"@type\":\"ReadAction\",\"target\":[\"https:\/\/argentinavidrascu.com\/politica-de-confidentialitate\/\"]}]},{\"@type\":\"BreadcrumbList\",\"@id\":\"https:\/\/argentinavidrascu.com\/politica-de-confidentialitate\/#breadcrumb\",\"itemListElement\":[{\"@type\":\"ListItem\",\"position\":1,\"name\":\"Home\",\"item\":\"https:\/\/argentinavidrascu.com\/\"},{\"@type\":\"ListItem\",\"position\":2,\"name\":\"Politica de confiden\u021bialitate\"}]},{\"@type\":\"WebSite\",\"@id\":\"https:\/\/argentinavidrascu.com\/#website\",\"url\":\"https:\/\/argentinavidrascu.com\/\",\"name\":\"Dr. Argentina Vidra\u015fcu - Rinoplastie Cluj\",\"description\":\"\",\"publisher\":{\"@id\":\"https:\/\/argentinavidrascu.com\/#organization\"},\"potentialAction\":[{\"@type\":\"SearchAction\",\"target\":{\"@type\":\"EntryPoint\",\"urlTemplate\":\"https:\/\/argentinavidrascu.com\/?s={search_term_string}\"},\"query-input\":\"required name=search_term_string\"}],\"inLanguage\":\"en-US\"},{\"@type\":\"Organization\",\"@id\":\"https:\/\/argentinavidrascu.com\/#organization\",\"name\":\"Dr. Argentina Vidra\u015fcu - Rinoplastie Cluj\",\"url\":\"https:\/\/argentinavidrascu.com\/\",\"logo\":{\"@type\":\"ImageObject\",\"inLanguage\":\"en-US\",\"@id\":\"https:\/\/argentinavidrascu.com\/#\/schema\/logo\/image\/\",\"url\":\"https:\/\/argentinavidrascu.com\/wp-content\/uploads\/2023\/09\/Dr-Argebtina-Vidrascu-Logo.png\",\"contentUrl\":\"https:\/\/argentinavidrascu.com\/wp-content\/uploads\/2023\/09\/Dr-Argebtina-Vidrascu-Logo.png\",\"width\":1050,\"height\":104,\"caption\":\"Dr. Argentina Vidra\u015fcu - Rinoplastie Cluj\"},\"image\":{\"@id\":\"https:\/\/argentinavidrascu.com\/#\/schema\/logo\/image\/\"}}]}<\/script>\n<!-- \/ Yoast SEO plugin. -->","yoast_head_json":{"title":"Politica de confiden\u021bialitate - Dr. Argentina Vidra\u015fcu - Rinoplastie Cluj","robots":{"index":"index","follow":"follow","max-snippet":"max-snippet:-1","max-image-preview":"max-image-preview:large","max-video-preview":"max-video-preview:-1"},"canonical":"https:\/\/argentinavidrascu.com\/en\/politica-de-confidentialitate\/","og_locale":"en_US","og_type":"article","og_title":"Politica de confiden\u021bialitate - Dr. Argentina Vidra\u015fcu - Rinoplastie Cluj","og_description":"Politica de confiden\u021bialitate Ultima actualizare: mai 2018 Informa\u021bii generale Confiden\u021bialitatea datelor dumneavoastr\u0103 cu caracter personal reprezint\u0103 una dintre preocup\u0103rile principale ale VIDRA HOME CA SRL, cu sediul \u00een Cluj Napoca, \u00een calitate de operator de date.Acest document are rolul de a v\u0103 informa cu privire la prelucrarea datelor dumneavoastr\u0103 cu caracter personal, \u00een contextul utiliz\u0103rii [&hellip;]","og_url":"https:\/\/argentinavidrascu.com\/en\/politica-de-confidentialitate\/","og_site_name":"Dr. Argentina Vidra\u015fcu - Rinoplastie Cluj","article_modified_time":"2023-09-25T21:19:04+00:00","twitter_card":"summary_large_image","twitter_misc":{"Est. reading time":"6 minutes"},"schema":{"@context":"https:\/\/schema.org","@graph":[{"@type":"WebPage","@id":"https:\/\/argentinavidrascu.com\/politica-de-confidentialitate\/","url":"https:\/\/argentinavidrascu.com\/politica-de-confidentialitate\/","name":"Politica de confiden\u021bialitate - Dr. Argentina Vidra\u015fcu - Rinoplastie Cluj","isPartOf":{"@id":"https:\/\/argentinavidrascu.com\/#website"},"datePublished":"2023-09-25T19:46:59+00:00","dateModified":"2023-09-25T21:19:04+00:00","breadcrumb":{"@id":"https:\/\/argentinavidrascu.com\/politica-de-confidentialitate\/#breadcrumb"},"inLanguage":"en-US","potentialAction":[{"@type":"ReadAction","target":["https:\/\/argentinavidrascu.com\/politica-de-confidentialitate\/"]}]},{"@type":"BreadcrumbList","@id":"https:\/\/argentinavidrascu.com\/politica-de-confidentialitate\/#breadcrumb","itemListElement":[{"@type":"ListItem","position":1,"name":"Home","item":"https:\/\/argentinavidrascu.com\/"},{"@type":"ListItem","position":2,"name":"Politica de confiden\u021bialitate"}]},{"@type":"WebSite","@id":"https:\/\/argentinavidrascu.com\/#website","url":"https:\/\/argentinavidrascu.com\/","name":"Dr. Argentina Vidra\u015fcu - Rinoplastie Cluj","description":"","publisher":{"@id":"https:\/\/argentinavidrascu.com\/#organization"},"potentialAction":[{"@type":"SearchAction","target":{"@type":"EntryPoint","urlTemplate":"https:\/\/argentinavidrascu.com\/?s={search_term_string}"},"query-input":"required name=search_term_string"}],"inLanguage":"en-US"},{"@type":"Organization","@id":"https:\/\/argentinavidrascu.com\/#organization","name":"Dr. Argentina Vidra\u015fcu - Rinoplastie Cluj","url":"https:\/\/argentinavidrascu.com\/","logo":{"@type":"ImageObject","inLanguage":"en-US","@id":"https:\/\/argentinavidrascu.com\/#\/schema\/logo\/image\/","url":"https:\/\/argentinavidrascu.com\/wp-content\/uploads\/2023\/09\/Dr-Argebtina-Vidrascu-Logo.png","contentUrl":"https:\/\/argentinavidrascu.com\/wp-content\/uploads\/2023\/09\/Dr-Argebtina-Vidrascu-Logo.png","width":1050,"height":104,"caption":"Dr. Argentina Vidra\u015fcu - Rinoplastie Cluj"},"image":{"@id":"https:\/\/argentinavidrascu.com\/#\/schema\/logo\/image\/"}}]}},"_links":{"self":[{"href":"https:\/\/argentinavidrascu.com\/en\/wp-json\/wp\/v2\/pages\/1505"}],"collection":[{"href":"https:\/\/argentinavidrascu.com\/en\/wp-json\/wp\/v2\/pages"}],"about":[{"href":"https:\/\/argentinavidrascu.com\/en\/wp-json\/wp\/v2\/types\/page"}],"author":[{"embeddable":true,"href":"https:\/\/argentinavidrascu.com\/en\/wp-json\/wp\/v2\/users\/2"}],"replies":[{"embeddable":true,"href":"https:\/\/argentinavidrascu.com\/en\/wp-json\/wp\/v2\/comments?post=1505"}],"version-history":[{"count":0,"href":"https:\/\/argentinavidrascu.com\/en\/wp-json\/wp\/v2\/pages\/1505\/revisions"}],"wp:attachment":[{"href":"https:\/\/argentinavidrascu.com\/en\/wp-json\/wp\/v2\/media?parent=1505"}],"curies":[{"name":"wp","href":"https:\/\/api.w.org\/{rel}","templated":true}]}}